{"id":16,"date":"2021-04-05T10:04:48","date_gmt":"2021-04-05T08:04:48","guid":{"rendered":"http:\/\/127.0.0.1\/wordpress\/?page_id=16"},"modified":"2021-05-10T06:50:50","modified_gmt":"2021-05-10T04:50:50","slug":"formulations","status":"publish","type":"page","link":"https:\/\/sos-ts.fr\/?page_id=16","title":{"rendered":"Formulation"},"content":{"rendered":"\t\t<div data-elementor-type=\"wp-page\" data-elementor-id=\"16\" class=\"elementor elementor-16\">\n\t\t\t\t\t\t<section class=\"elementor-section elementor-top-section elementor-element elementor-element-7f4316c elementor-section-boxed elementor-section-height-default elementor-section-height-default\" data-id=\"7f4316c\" data-element_type=\"section\" data-e-type=\"section\">\n\t\t\t\t\t\t<div class=\"elementor-container elementor-column-gap-default\">\n\t\t\t\t\t<div class=\"elementor-column elementor-col-100 elementor-top-column elementor-element elementor-element-d4e276f\" data-id=\"d4e276f\" data-element_type=\"column\" data-e-type=\"column\">\n\t\t\t<div class=\"elementor-widget-wrap elementor-element-populated\">\n\t\t\t\t\t\t<div class=\"elementor-element elementor-element-d7723cf elementor-widget-divider--view-line elementor-widget elementor-widget-divider\" data-id=\"d7723cf\" data-element_type=\"widget\" data-e-type=\"widget\" data-widget_type=\"divider.default\">\n\t\t\t\t<div class=\"elementor-widget-container\">\n\t\t\t\t\t\t\t<div class=\"elementor-divider\">\n\t\t\t<span class=\"elementor-divider-separator\">\n\t\t\t\t\t\t<\/span>\n\t\t<\/div>\n\t\t\t\t\t\t<\/div>\n\t\t\t\t<\/div>\n\t\t\t\t\t<\/div>\n\t\t<\/div>\n\t\t\t\t\t<\/div>\n\t\t<\/section>\n\t\t\t\t<section class=\"elementor-section elementor-top-section elementor-element elementor-element-20ed2d5 elementor-section-boxed elementor-section-height-default elementor-section-height-default\" data-id=\"20ed2d5\" data-element_type=\"section\" data-e-type=\"section\">\n\t\t\t\t\t\t<div class=\"elementor-container elementor-column-gap-default\">\n\t\t\t\t\t<div class=\"elementor-column elementor-col-100 elementor-top-column elementor-element elementor-element-ace8fdb\" data-id=\"ace8fdb\" data-element_type=\"column\" data-e-type=\"column\">\n\t\t\t<div class=\"elementor-widget-wrap elementor-element-populated\">\n\t\t\t\t\t\t<section class=\"elementor-section elementor-inner-section elementor-element elementor-element-de81aea elementor-section-boxed elementor-section-height-default elementor-section-height-default\" data-id=\"de81aea\" data-element_type=\"section\" data-e-type=\"section\">\n\t\t\t\t\t\t<div class=\"elementor-container elementor-column-gap-default\">\n\t\t\t\t\t<div class=\"elementor-column elementor-col-33 elementor-inner-column elementor-element elementor-element-135ac6c\" data-id=\"135ac6c\" data-element_type=\"column\" data-e-type=\"column\">\n\t\t\t<div class=\"elementor-widget-wrap elementor-element-populated\">\n\t\t\t\t\t\t<div class=\"elementor-element elementor-element-1438940 elementor-widget elementor-widget-text-editor\" data-id=\"1438940\" data-element_type=\"widget\" data-e-type=\"widget\" data-widget_type=\"text-editor.default\">\n\t\t\t\t<div class=\"elementor-widget-container\">\n\t\t\t\t\t\t\t\t\t<p style=\"text-align: center;\"><strong>Formulateur<\/strong><\/p><p>Vous \u00eates formulateur et vous avez un projet dont vous ne voyez pas le bout ?<\/p><p>Mes 30 ann\u00e9es de formulation et mon expertise sont l\u00e0 pour vous aider. Ayant travaill\u00e9 sur des sujets aussi divers que vari\u00e9s, il est possible que mon regard ext\u00e9rieur puisse vous permettre de mener \u00e0 bien votre projet.<\/p><p>Je peux vous fournir une aide technique afin de mettre en place vos produits chez votre client.<\/p><p>Je vous invite \u00e0 aller sur la page<span style=\"color: #ff00ff;\"> <a style=\"color: #ff00ff;\" href=\"https:\/\/sos-ts.fr\/realisations\/\">R\u00e9alisations<\/a><\/span>\u00a0afin d&rsquo;y d\u00e9couvrir quelques une de mes r\u00e9alisations. Bien s\u00fbr il ne s&rsquo;agit pas de toutes mes formulations, mais cela permet de donner une id\u00e9e.<\/p>\t\t\t\t\t\t\t\t<\/div>\n\t\t\t\t<\/div>\n\t\t\t\t\t<\/div>\n\t\t<\/div>\n\t\t\t\t<div class=\"elementor-column elementor-col-33 elementor-inner-column elementor-element elementor-element-6b75d20\" data-id=\"6b75d20\" data-element_type=\"column\" data-e-type=\"column\">\n\t\t\t<div class=\"elementor-widget-wrap\">\n\t\t\t\t\t\t\t<\/div>\n\t\t<\/div>\n\t\t\t\t<div class=\"elementor-column elementor-col-33 elementor-inner-column elementor-element elementor-element-7a4c616\" data-id=\"7a4c616\" data-element_type=\"column\" data-e-type=\"column\">\n\t\t\t<div class=\"elementor-widget-wrap elementor-element-populated\">\n\t\t\t\t\t\t<div class=\"elementor-element elementor-element-2a4c2ea elementor-widget elementor-widget-text-editor\" data-id=\"2a4c2ea\" data-element_type=\"widget\" data-e-type=\"widget\" data-widget_type=\"text-editor.default\">\n\t\t\t\t<div class=\"elementor-widget-container\">\n\t\t\t\t\t\t\t\t\t<p style=\"text-align: center;\"><strong>Industriel<\/strong><\/p><p>Vous \u00eates un industriel et vous ne trouvez pas le produit qui r\u00e9pond \u00e0 votre besoin sp\u00e9cifique. Je peux vous aider \u00e0 trouver la formule efficace qui vous permettra de traiter vos pi\u00e8ces en fonction de votre cahier des charges.<\/p><p>Pour votre atelier vous devez s\u00e9lectionner un produit parmi plusieurs fournisseurs et vous ne savez pas comment les tester afin de les d\u00e9partager de fa\u00e7on objective?<\/p>\t\t\t\t\t\t\t\t<\/div>\n\t\t\t\t<\/div>\n\t\t\t\t\t<\/div>\n\t\t<\/div>\n\t\t\t\t\t<\/div>\n\t\t<\/section>\n\t\t\t\t\t<\/div>\n\t\t<\/div>\n\t\t\t\t\t<\/div>\n\t\t<\/section>\n\t\t\t\t<section class=\"elementor-section elementor-top-section elementor-element elementor-element-adfda7d elementor-section-boxed elementor-section-height-default elementor-section-height-default\" data-id=\"adfda7d\" data-element_type=\"section\" data-e-type=\"section\">\n\t\t\t\t\t\t<div class=\"elementor-container elementor-column-gap-default\">\n\t\t\t\t\t<div class=\"elementor-column elementor-col-100 elementor-top-column elementor-element elementor-element-a440abc\" data-id=\"a440abc\" data-element_type=\"column\" data-e-type=\"column\">\n\t\t\t<div class=\"elementor-widget-wrap elementor-element-populated\">\n\t\t\t\t\t\t<div class=\"elementor-element elementor-element-a72be44 elementor-widget-divider--view-line elementor-widget elementor-widget-divider\" data-id=\"a72be44\" data-element_type=\"widget\" data-e-type=\"widget\" data-widget_type=\"divider.default\">\n\t\t\t\t<div class=\"elementor-widget-container\">\n\t\t\t\t\t\t\t<div class=\"elementor-divider\">\n\t\t\t<span class=\"elementor-divider-separator\">\n\t\t\t\t\t\t<\/span>\n\t\t<\/div>\n\t\t\t\t\t\t<\/div>\n\t\t\t\t<\/div>\n\t\t\t\t\t<\/div>\n\t\t<\/div>\n\t\t\t\t\t<\/div>\n\t\t<\/section>\n\t\t\t\t<section class=\"elementor-section elementor-top-section elementor-element elementor-element-5060ac1 elementor-section-boxed elementor-section-height-default elementor-section-height-default\" data-id=\"5060ac1\" data-element_type=\"section\" data-e-type=\"section\">\n\t\t\t\t\t\t<div class=\"elementor-container elementor-column-gap-default\">\n\t\t\t\t\t<div class=\"elementor-column elementor-col-33 elementor-top-column elementor-element elementor-element-071c183\" data-id=\"071c183\" data-element_type=\"column\" data-e-type=\"column\">\n\t\t\t<div class=\"elementor-widget-wrap\">\n\t\t\t\t\t\t\t<\/div>\n\t\t<\/div>\n\t\t\t\t<div class=\"elementor-column elementor-col-33 elementor-top-column elementor-element elementor-element-86d585a\" data-id=\"86d585a\" data-element_type=\"column\" data-e-type=\"column\">\n\t\t\t<div class=\"elementor-widget-wrap elementor-element-populated\">\n\t\t\t\t\t\t<div class=\"elementor-element elementor-element-bd9bad3 elementor-align-center elementor-widget elementor-widget-button\" data-id=\"bd9bad3\" data-element_type=\"widget\" data-e-type=\"widget\" data-widget_type=\"button.default\">\n\t\t\t\t<div class=\"elementor-widget-container\">\n\t\t\t\t\t\t\t\t\t<div class=\"elementor-button-wrapper\">\n\t\t\t\t\t<a class=\"elementor-button elementor-button-link elementor-size-sm\" href=\"https:\/\/sos-ts.fr\/contact\/\">\n\t\t\t\t\t\t<span class=\"elementor-button-content-wrapper\">\n\t\t\t\t\t\t\t\t\t<span class=\"elementor-button-text\">Contactez-moi<\/span>\n\t\t\t\t\t<\/span>\n\t\t\t\t\t<\/a>\n\t\t\t\t<\/div>\n\t\t\t\t\t\t\t\t<\/div>\n\t\t\t\t<\/div>\n\t\t\t\t\t<\/div>\n\t\t<\/div>\n\t\t\t\t<div class=\"elementor-column elementor-col-33 elementor-top-column elementor-element elementor-element-1c9e933\" data-id=\"1c9e933\" data-element_type=\"column\" data-e-type=\"column\">\n\t\t\t<div class=\"elementor-widget-wrap\">\n\t\t\t\t\t\t\t<\/div>\n\t\t<\/div>\n\t\t\t\t\t<\/div>\n\t\t<\/section>\n\t\t\t\t<section class=\"elementor-section elementor-top-section elementor-element elementor-element-337eb35 elementor-section-boxed elementor-section-height-default elementor-section-height-default\" data-id=\"337eb35\" data-element_type=\"section\" data-e-type=\"section\">\n\t\t\t\t\t\t<div class=\"elementor-container elementor-column-gap-default\">\n\t\t\t\t\t<div class=\"elementor-column elementor-col-100 elementor-top-column elementor-element elementor-element-1609a27\" data-id=\"1609a27\" data-element_type=\"column\" data-e-type=\"column\">\n\t\t\t<div class=\"elementor-widget-wrap elementor-element-populated\">\n\t\t\t\t\t\t<div class=\"elementor-element elementor-element-064efd5 elementor-widget-divider--view-line elementor-widget elementor-widget-divider\" data-id=\"064efd5\" data-element_type=\"widget\" data-e-type=\"widget\" data-widget_type=\"divider.default\">\n\t\t\t\t<div class=\"elementor-widget-container\">\n\t\t\t\t\t\t\t<div class=\"elementor-divider\">\n\t\t\t<span class=\"elementor-divider-separator\">\n\t\t\t\t\t\t<\/span>\n\t\t<\/div>\n\t\t\t\t\t\t<\/div>\n\t\t\t\t<\/div>\n\t\t\t\t\t<\/div>\n\t\t<\/div>\n\t\t\t\t\t<\/div>\n\t\t<\/section>\n\t\t\t\t<\/div>\n\t\t","protected":false},"excerpt":{"rendered":"<p>Formulateur Vous \u00eates formulateur et vous avez un projet dont vous ne voyez pas le bout ? Mes 30 ann\u00e9es de formulation et mon expertise sont l\u00e0 pour vous aider. Ayant travaill\u00e9 sur des sujets aussi divers que vari\u00e9s, il est possible que mon regard ext\u00e9rieur puisse vous permettre de mener \u00e0 bien votre projet. [&hellip;]<\/p>\n","protected":false},"author":1,"featured_media":0,"parent":0,"menu_order":0,"comment_status":"closed","ping_status":"closed","template":"","meta":{"ocean_post_layout":"full-screen","ocean_both_sidebars_style":"","ocean_both_sidebars_content_width":0,"ocean_both_sidebars_sidebars_width":0,"ocean_sidebar":"0","ocean_second_sidebar":"0","ocean_disable_margins":"enable","ocean_add_body_class":"","ocean_shortcode_before_top_bar":"","ocean_shortcode_after_top_bar":"","ocean_shortcode_before_header":"","ocean_shortcode_after_header":"","ocean_has_shortcode":"","ocean_shortcode_after_title":"","ocean_shortcode_before_footer_widgets":"","ocean_shortcode_after_footer_widgets":"","ocean_shortcode_before_footer_bottom":"","ocean_shortcode_after_footer_bottom":"","ocean_display_top_bar":"off","ocean_display_header":"default","ocean_header_style":"","ocean_center_header_left_menu":"0","ocean_custom_header_template":"0","ocean_custom_logo":0,"ocean_custom_retina_logo":0,"ocean_custom_logo_max_width":0,"ocean_custom_logo_tablet_max_width":0,"ocean_custom_logo_mobile_max_width":0,"ocean_custom_logo_max_height":0,"ocean_custom_logo_tablet_max_height":0,"ocean_custom_logo_mobile_max_height":0,"ocean_header_custom_menu":"0","ocean_menu_typo_font_family":"0","ocean_menu_typo_font_subset":"","ocean_menu_typo_font_size":0,"ocean_menu_typo_font_size_tablet":0,"ocean_menu_typo_font_size_mobile":0,"ocean_menu_typo_font_size_unit":"px","ocean_menu_typo_font_weight":"","ocean_menu_typo_font_weight_tablet":"","ocean_menu_typo_font_weight_mobile":"","ocean_menu_typo_transform":"","ocean_menu_typo_transform_tablet":"","ocean_menu_typo_transform_mobile":"","ocean_menu_typo_line_height":0,"ocean_menu_typo_line_height_tablet":0,"ocean_menu_typo_line_height_mobile":0,"ocean_menu_typo_line_height_unit":"","ocean_menu_typo_spacing":0,"ocean_menu_typo_spacing_tablet":0,"ocean_menu_typo_spacing_mobile":0,"ocean_menu_typo_spacing_unit":"","ocean_menu_link_color":"","ocean_menu_link_color_hover":"","ocean_menu_link_color_active":"","ocean_menu_link_background":"","ocean_menu_link_hover_background":"","ocean_menu_link_active_background":"","ocean_menu_social_links_bg":"","ocean_menu_social_hover_links_bg":"","ocean_menu_social_links_color":"","ocean_menu_social_hover_links_color":"","ocean_disable_title":"default","ocean_disable_heading":"default","ocean_post_title":"","ocean_post_subheading":"","ocean_post_title_style":"background-image","ocean_post_title_background_color":"","ocean_post_title_background":399,"ocean_post_title_bg_image_position":"center center","ocean_post_title_bg_image_attachment":"","ocean_post_title_bg_image_repeat":"","ocean_post_title_bg_image_size":"","ocean_post_title_height":0,"ocean_post_title_bg_overlay":0.3,"ocean_post_title_bg_overlay_color":"","ocean_disable_breadcrumbs":"default","ocean_breadcrumbs_color":"","ocean_breadcrumbs_separator_color":"","ocean_breadcrumbs_links_color":"","ocean_breadcrumbs_links_hover_color":"","ocean_display_footer_widgets":"off","ocean_display_footer_bottom":"default","ocean_custom_footer_template":"0","footnotes":""},"class_list":["post-16","page","type-page","status-publish","hentry","entry"],"yoast_head":"<!-- This site is optimized with the Yoast SEO plugin v27.3 - https:\/\/yoast.com\/product\/yoast-seo-wordpress\/ -->\n<title>Formulation - SOS-TS.fr<\/title>\n<meta name=\"robots\" content=\"index, follow, max-snippet:-1, max-image-preview:large, max-video-preview:-1\" \/>\n<link rel=\"canonical\" href=\"https:\/\/sos-ts.fr\/?page_id=16\" \/>\n<meta property=\"og:locale\" content=\"fr_FR\" \/>\n<meta property=\"og:type\" content=\"article\" \/>\n<meta property=\"og:title\" content=\"Formulation - SOS-TS.fr\" \/>\n<meta property=\"og:description\" content=\"Formulateur Vous \u00eates formulateur et vous avez un projet dont vous ne voyez pas le bout ? Mes 30 ann\u00e9es de formulation et mon expertise sont l\u00e0 pour vous aider. Ayant travaill\u00e9 sur des sujets aussi divers que vari\u00e9s, il est possible que mon regard ext\u00e9rieur puisse vous permettre de mener \u00e0 bien votre projet. [&hellip;]\" \/>\n<meta property=\"og:url\" content=\"https:\/\/sos-ts.fr\/?page_id=16\" \/>\n<meta property=\"og:site_name\" content=\"SOS-TS.fr\" \/>\n<meta property=\"article:modified_time\" content=\"2021-05-10T04:50:50+00:00\" \/>\n<meta name=\"twitter:card\" content=\"summary_large_image\" \/>\n<meta name=\"twitter:label1\" content=\"Dur\u00e9e de lecture estim\u00e9e\" \/>\n\t<meta name=\"twitter:data1\" content=\"1 minute\" \/>\n<script type=\"application\/ld+json\" class=\"yoast-schema-graph\">{\"@context\":\"https:\\\/\\\/schema.org\",\"@graph\":[{\"@type\":\"WebPage\",\"@id\":\"https:\\\/\\\/sos-ts.fr\\\/?page_id=16\",\"url\":\"https:\\\/\\\/sos-ts.fr\\\/?page_id=16\",\"name\":\"Formulation - SOS-TS.fr\",\"isPartOf\":{\"@id\":\"https:\\\/\\\/sos-ts.fr\\\/#website\"},\"datePublished\":\"2021-04-05T08:04:48+00:00\",\"dateModified\":\"2021-05-10T04:50:50+00:00\",\"breadcrumb\":{\"@id\":\"https:\\\/\\\/sos-ts.fr\\\/?page_id=16#breadcrumb\"},\"inLanguage\":\"fr-FR\",\"potentialAction\":[{\"@type\":\"ReadAction\",\"target\":[\"https:\\\/\\\/sos-ts.fr\\\/?page_id=16\"]}]},{\"@type\":\"BreadcrumbList\",\"@id\":\"https:\\\/\\\/sos-ts.fr\\\/?page_id=16#breadcrumb\",\"itemListElement\":[{\"@type\":\"ListItem\",\"position\":1,\"name\":\"Accueil\",\"item\":\"https:\\\/\\\/sos-ts.fr\\\/\"},{\"@type\":\"ListItem\",\"position\":2,\"name\":\"Formulation\"}]},{\"@type\":\"WebSite\",\"@id\":\"https:\\\/\\\/sos-ts.fr\\\/#website\",\"url\":\"https:\\\/\\\/sos-ts.fr\\\/\",\"name\":\"SOS-TS.fr\",\"description\":\"Assistance et conseil en traitement de surface\",\"publisher\":{\"@id\":\"https:\\\/\\\/sos-ts.fr\\\/#organization\"},\"potentialAction\":[{\"@type\":\"SearchAction\",\"target\":{\"@type\":\"EntryPoint\",\"urlTemplate\":\"https:\\\/\\\/sos-ts.fr\\\/?s={search_term_string}\"},\"query-input\":{\"@type\":\"PropertyValueSpecification\",\"valueRequired\":true,\"valueName\":\"search_term_string\"}}],\"inLanguage\":\"fr-FR\"},{\"@type\":\"Organization\",\"@id\":\"https:\\\/\\\/sos-ts.fr\\\/#organization\",\"name\":\"SOS-TS.fr\",\"url\":\"https:\\\/\\\/sos-ts.fr\\\/\",\"logo\":{\"@type\":\"ImageObject\",\"inLanguage\":\"fr-FR\",\"@id\":\"https:\\\/\\\/sos-ts.fr\\\/#\\\/schema\\\/logo\\\/image\\\/\",\"url\":\"https:\\\/\\\/sos-ts.fr\\\/wp-content\\\/uploads\\\/2021\\\/04\\\/LOGO-diamant-2.png\",\"contentUrl\":\"https:\\\/\\\/sos-ts.fr\\\/wp-content\\\/uploads\\\/2021\\\/04\\\/LOGO-diamant-2.png\",\"width\":86,\"height\":67,\"caption\":\"SOS-TS.fr\"},\"image\":{\"@id\":\"https:\\\/\\\/sos-ts.fr\\\/#\\\/schema\\\/logo\\\/image\\\/\"},\"sameAs\":[\"https:\\\/\\\/www.linkedin.com\\\/in\\\/christophe-romain-0042276b\\\/\"]}]}<\/script>\n<!-- \/ Yoast SEO plugin. -->","yoast_head_json":{"title":"Formulation - SOS-TS.fr","robots":{"index":"index","follow":"follow","max-snippet":"max-snippet:-1","max-image-preview":"max-image-preview:large","max-video-preview":"max-video-preview:-1"},"canonical":"https:\/\/sos-ts.fr\/?page_id=16","og_locale":"fr_FR","og_type":"article","og_title":"Formulation - SOS-TS.fr","og_description":"Formulateur Vous \u00eates formulateur et vous avez un projet dont vous ne voyez pas le bout ? Mes 30 ann\u00e9es de formulation et mon expertise sont l\u00e0 pour vous aider. Ayant travaill\u00e9 sur des sujets aussi divers que vari\u00e9s, il est possible que mon regard ext\u00e9rieur puisse vous permettre de mener \u00e0 bien votre projet. [&hellip;]","og_url":"https:\/\/sos-ts.fr\/?page_id=16","og_site_name":"SOS-TS.fr","article_modified_time":"2021-05-10T04:50:50+00:00","twitter_card":"summary_large_image","twitter_misc":{"Dur\u00e9e de lecture estim\u00e9e":"1 minute"},"schema":{"@context":"https:\/\/schema.org","@graph":[{"@type":"WebPage","@id":"https:\/\/sos-ts.fr\/?page_id=16","url":"https:\/\/sos-ts.fr\/?page_id=16","name":"Formulation - SOS-TS.fr","isPartOf":{"@id":"https:\/\/sos-ts.fr\/#website"},"datePublished":"2021-04-05T08:04:48+00:00","dateModified":"2021-05-10T04:50:50+00:00","breadcrumb":{"@id":"https:\/\/sos-ts.fr\/?page_id=16#breadcrumb"},"inLanguage":"fr-FR","potentialAction":[{"@type":"ReadAction","target":["https:\/\/sos-ts.fr\/?page_id=16"]}]},{"@type":"BreadcrumbList","@id":"https:\/\/sos-ts.fr\/?page_id=16#breadcrumb","itemListElement":[{"@type":"ListItem","position":1,"name":"Accueil","item":"https:\/\/sos-ts.fr\/"},{"@type":"ListItem","position":2,"name":"Formulation"}]},{"@type":"WebSite","@id":"https:\/\/sos-ts.fr\/#website","url":"https:\/\/sos-ts.fr\/","name":"SOS-TS.fr","description":"Assistance et conseil en traitement de surface","publisher":{"@id":"https:\/\/sos-ts.fr\/#organization"},"potentialAction":[{"@type":"SearchAction","target":{"@type":"EntryPoint","urlTemplate":"https:\/\/sos-ts.fr\/?s={search_term_string}"},"query-input":{"@type":"PropertyValueSpecification","valueRequired":true,"valueName":"search_term_string"}}],"inLanguage":"fr-FR"},{"@type":"Organization","@id":"https:\/\/sos-ts.fr\/#organization","name":"SOS-TS.fr","url":"https:\/\/sos-ts.fr\/","logo":{"@type":"ImageObject","inLanguage":"fr-FR","@id":"https:\/\/sos-ts.fr\/#\/schema\/logo\/image\/","url":"https:\/\/sos-ts.fr\/wp-content\/uploads\/2021\/04\/LOGO-diamant-2.png","contentUrl":"https:\/\/sos-ts.fr\/wp-content\/uploads\/2021\/04\/LOGO-diamant-2.png","width":86,"height":67,"caption":"SOS-TS.fr"},"image":{"@id":"https:\/\/sos-ts.fr\/#\/schema\/logo\/image\/"},"sameAs":["https:\/\/www.linkedin.com\/in\/christophe-romain-0042276b\/"]}]}},"_links":{"self":[{"href":"https:\/\/sos-ts.fr\/index.php?rest_route=\/wp\/v2\/pages\/16","targetHints":{"allow":["GET"]}}],"collection":[{"href":"https:\/\/sos-ts.fr\/index.php?rest_route=\/wp\/v2\/pages"}],"about":[{"href":"https:\/\/sos-ts.fr\/index.php?rest_route=\/wp\/v2\/types\/page"}],"author":[{"embeddable":true,"href":"https:\/\/sos-ts.fr\/index.php?rest_route=\/wp\/v2\/users\/1"}],"replies":[{"embeddable":true,"href":"https:\/\/sos-ts.fr\/index.php?rest_route=%2Fwp%2Fv2%2Fcomments&post=16"}],"version-history":[{"count":104,"href":"https:\/\/sos-ts.fr\/index.php?rest_route=\/wp\/v2\/pages\/16\/revisions"}],"predecessor-version":[{"id":1428,"href":"https:\/\/sos-ts.fr\/index.php?rest_route=\/wp\/v2\/pages\/16\/revisions\/1428"}],"wp:attachment":[{"href":"https:\/\/sos-ts.fr\/index.php?rest_route=%2Fwp%2Fv2%2Fmedia&parent=16"}],"curies":[{"name":"wp","href":"https:\/\/api.w.org\/{rel}","templated":true}]}}