{"id":309,"date":"2021-04-06T17:42:05","date_gmt":"2021-04-06T15:42:05","guid":{"rendered":"http:\/\/127.0.0.1\/wordpress\/?page_id=309"},"modified":"2021-05-10T06:50:12","modified_gmt":"2021-05-10T04:50:12","slug":"optimisation-economique","status":"publish","type":"page","link":"https:\/\/sos-ts.fr\/?page_id=309","title":{"rendered":"Optimisation \u00e9conomique"},"content":{"rendered":"\t\t<div data-elementor-type=\"wp-page\" data-elementor-id=\"309\" class=\"elementor elementor-309\">\n\t\t\t\t\t\t<section class=\"elementor-section elementor-top-section elementor-element elementor-element-3b0d5ad elementor-section-boxed elementor-section-height-default elementor-section-height-default\" data-id=\"3b0d5ad\" data-element_type=\"section\" data-e-type=\"section\">\n\t\t\t\t\t\t<div class=\"elementor-container elementor-column-gap-default\">\n\t\t\t\t\t<div class=\"elementor-column elementor-col-100 elementor-top-column elementor-element elementor-element-ce3755c\" data-id=\"ce3755c\" data-element_type=\"column\" data-e-type=\"column\">\n\t\t\t<div class=\"elementor-widget-wrap elementor-element-populated\">\n\t\t\t\t\t\t\t<\/div>\n\t\t<\/div>\n\t\t\t\t\t<\/div>\n\t\t<\/section>\n\t\t\t\t<section class=\"elementor-section elementor-top-section elementor-element elementor-element-a9d8eea elementor-section-boxed elementor-section-height-default elementor-section-height-default\" data-id=\"a9d8eea\" data-element_type=\"section\" data-e-type=\"section\">\n\t\t\t\t\t\t<div class=\"elementor-container elementor-column-gap-default\">\n\t\t\t\t\t<div class=\"elementor-column elementor-col-100 elementor-top-column elementor-element elementor-element-51a7163\" data-id=\"51a7163\" data-element_type=\"column\" data-e-type=\"column\">\n\t\t\t<div class=\"elementor-widget-wrap elementor-element-populated\">\n\t\t\t\t\t\t<div class=\"elementor-element elementor-element-d8d27c4 elementor-widget-divider--view-line elementor-widget elementor-widget-divider\" data-id=\"d8d27c4\" data-element_type=\"widget\" data-e-type=\"widget\" data-widget_type=\"divider.default\">\n\t\t\t\t<div class=\"elementor-widget-container\">\n\t\t\t\t\t\t\t<div class=\"elementor-divider\">\n\t\t\t<span class=\"elementor-divider-separator\">\n\t\t\t\t\t\t<\/span>\n\t\t<\/div>\n\t\t\t\t\t\t<\/div>\n\t\t\t\t<\/div>\n\t\t\t\t\t<\/div>\n\t\t<\/div>\n\t\t\t\t\t<\/div>\n\t\t<\/section>\n\t\t\t\t<section class=\"elementor-section elementor-top-section elementor-element elementor-element-0b10830 elementor-section-boxed elementor-section-height-default elementor-section-height-default\" data-id=\"0b10830\" data-element_type=\"section\" data-e-type=\"section\">\n\t\t\t\t\t\t<div class=\"elementor-container elementor-column-gap-default\">\n\t\t\t\t\t<div class=\"elementor-column elementor-col-100 elementor-top-column elementor-element elementor-element-f11a7a4\" data-id=\"f11a7a4\" data-element_type=\"column\" data-e-type=\"column\">\n\t\t\t<div class=\"elementor-widget-wrap elementor-element-populated\">\n\t\t\t\t\t\t<div class=\"elementor-element elementor-element-9bda974 elementor-widget elementor-widget-heading\" data-id=\"9bda974\" data-element_type=\"widget\" data-e-type=\"widget\" data-widget_type=\"heading.default\">\n\t\t\t\t<div class=\"elementor-widget-container\">\n\t\t\t\t\t<h2 class=\"elementor-heading-title elementor-size-xl\">Vous \u00eates-vous pos\u00e9 cette question ?<\/h2>\t\t\t\t<\/div>\n\t\t\t\t<\/div>\n\t\t\t\t<div class=\"elementor-element elementor-element-b6f9224 elementor-widget elementor-widget-image\" data-id=\"b6f9224\" data-element_type=\"widget\" data-e-type=\"widget\" data-widget_type=\"image.default\">\n\t\t\t\t<div class=\"elementor-widget-container\">\n\t\t\t\t\t\t\t\t\t\t\t\t\t\t\t<img decoding=\"async\" width=\"150\" height=\"150\" src=\"https:\/\/sos-ts.fr\/wp-content\/uploads\/2021\/04\/boy-1454054_640-150x150.png\" class=\"attachment-thumbnail size-thumbnail wp-image-448\" alt=\"\" \/>\t\t\t\t\t\t\t\t\t\t\t\t\t\t\t<\/div>\n\t\t\t\t<\/div>\n\t\t\t\t<section class=\"elementor-section elementor-inner-section elementor-element elementor-element-b0ebdd4 elementor-section-boxed elementor-section-height-default elementor-section-height-default\" data-id=\"b0ebdd4\" data-element_type=\"section\" data-e-type=\"section\">\n\t\t\t\t\t\t<div class=\"elementor-container elementor-column-gap-default\">\n\t\t\t\t\t<div class=\"elementor-column elementor-col-100 elementor-inner-column elementor-element elementor-element-d778644\" data-id=\"d778644\" data-element_type=\"column\" data-e-type=\"column\">\n\t\t\t<div class=\"elementor-widget-wrap elementor-element-populated\">\n\t\t\t\t\t\t<div class=\"elementor-element elementor-element-96d42c8 elementor-widget elementor-widget-text-editor\" data-id=\"96d42c8\" data-element_type=\"widget\" data-e-type=\"widget\" data-widget_type=\"text-editor.default\">\n\t\t\t\t<div class=\"elementor-widget-container\">\n\t\t\t\t\t\t\t\t\t<p style=\"text-align: center;\"><strong>Est-il possible de r\u00e9duire le co\u00fbt de ma gamme sans r\u00e9duire la qualit\u00e9 ?<\/strong><\/p><p>\u00a0Non, je n&rsquo;ai pas de pouvoir magique.<\/p><p>Mais il y a quelques points d&rsquo;optimisation \u00e9conomique qui permettent de r\u00e9duire les co\u00fbts sans pour autant modifier la qualit\u00e9 finale, bien au contraire&#8230;<\/p><p>Faites un tour sur les pages <span style=\"color: #ff00ff;\"><a style=\"color: #ff00ff;\" href=\"https:\/\/sos-ts.fr\/realisations\/\">r\u00e9alisations<\/a><\/span> et<span style=\"color: #ff00ff;\"> <a style=\"color: #ff00ff;\" href=\"https:\/\/sos-ts.fr\/parcours\/\">parcours<\/a><\/span>\u00a0vous y trouverez un \u00e9chantillon de ce que j&rsquo;ai r\u00e9ussi \u00e0 r\u00e9aliser.<\/p><p>Lorsqu&rsquo;une optimisation technique est r\u00e9alis\u00e9e avec bon sens, cela entraine automatiquement une optimisation \u00e9conomique.<\/p><p>Si la fonction \u00e9tudi\u00e9e est am\u00e9lior\u00e9e et plus efficiente, il est possible de r\u00e9duire les temps, les concentrations et donc les co\u00fbts de production.<\/p>\t\t\t\t\t\t\t\t<\/div>\n\t\t\t\t<\/div>\n\t\t\t\t\t<\/div>\n\t\t<\/div>\n\t\t\t\t\t<\/div>\n\t\t<\/section>\n\t\t\t\t\t<\/div>\n\t\t<\/div>\n\t\t\t\t\t<\/div>\n\t\t<\/section>\n\t\t\t\t<section class=\"elementor-section elementor-top-section elementor-element elementor-element-771130f elementor-section-boxed elementor-section-height-default elementor-section-height-default\" data-id=\"771130f\" data-element_type=\"section\" data-e-type=\"section\">\n\t\t\t\t\t\t<div class=\"elementor-container elementor-column-gap-default\">\n\t\t\t\t\t<div class=\"elementor-column elementor-col-100 elementor-top-column elementor-element elementor-element-1b16908\" data-id=\"1b16908\" data-element_type=\"column\" data-e-type=\"column\">\n\t\t\t<div class=\"elementor-widget-wrap elementor-element-populated\">\n\t\t\t\t\t\t<div class=\"elementor-element elementor-element-9c8dfde elementor-widget-divider--view-line elementor-widget elementor-widget-divider\" data-id=\"9c8dfde\" data-element_type=\"widget\" data-e-type=\"widget\" data-widget_type=\"divider.default\">\n\t\t\t\t<div class=\"elementor-widget-container\">\n\t\t\t\t\t\t\t<div class=\"elementor-divider\">\n\t\t\t<span class=\"elementor-divider-separator\">\n\t\t\t\t\t\t<\/span>\n\t\t<\/div>\n\t\t\t\t\t\t<\/div>\n\t\t\t\t<\/div>\n\t\t\t\t\t<\/div>\n\t\t<\/div>\n\t\t\t\t\t<\/div>\n\t\t<\/section>\n\t\t\t\t<section class=\"elementor-section elementor-top-section elementor-element elementor-element-8326e1d elementor-section-boxed elementor-section-height-default elementor-section-height-default\" data-id=\"8326e1d\" data-element_type=\"section\" data-e-type=\"section\">\n\t\t\t\t\t\t<div class=\"elementor-container elementor-column-gap-default\">\n\t\t\t\t\t<div class=\"elementor-column elementor-col-33 elementor-top-column elementor-element elementor-element-aeaf386\" data-id=\"aeaf386\" data-element_type=\"column\" data-e-type=\"column\">\n\t\t\t<div class=\"elementor-widget-wrap\">\n\t\t\t\t\t\t\t<\/div>\n\t\t<\/div>\n\t\t\t\t<div class=\"elementor-column elementor-col-33 elementor-top-column elementor-element elementor-element-5ee9bce\" data-id=\"5ee9bce\" data-element_type=\"column\" data-e-type=\"column\">\n\t\t\t<div class=\"elementor-widget-wrap elementor-element-populated\">\n\t\t\t\t\t\t<div class=\"elementor-element elementor-element-3f78561 elementor-align-center elementor-widget elementor-widget-button\" data-id=\"3f78561\" data-element_type=\"widget\" data-e-type=\"widget\" data-widget_type=\"button.default\">\n\t\t\t\t<div class=\"elementor-widget-container\">\n\t\t\t\t\t\t\t\t\t<div class=\"elementor-button-wrapper\">\n\t\t\t\t\t<a class=\"elementor-button elementor-button-link elementor-size-sm\" href=\"https:\/\/sos-ts.fr\/contact\/\">\n\t\t\t\t\t\t<span class=\"elementor-button-content-wrapper\">\n\t\t\t\t\t\t\t\t\t<span class=\"elementor-button-text\">Contactez-moi<\/span>\n\t\t\t\t\t<\/span>\n\t\t\t\t\t<\/a>\n\t\t\t\t<\/div>\n\t\t\t\t\t\t\t\t<\/div>\n\t\t\t\t<\/div>\n\t\t\t\t\t<\/div>\n\t\t<\/div>\n\t\t\t\t<div class=\"elementor-column elementor-col-33 elementor-top-column elementor-element elementor-element-6c7afd3\" data-id=\"6c7afd3\" data-element_type=\"column\" data-e-type=\"column\">\n\t\t\t<div class=\"elementor-widget-wrap\">\n\t\t\t\t\t\t\t<\/div>\n\t\t<\/div>\n\t\t\t\t\t<\/div>\n\t\t<\/section>\n\t\t\t\t<section class=\"elementor-section elementor-top-section elementor-element elementor-element-6c427d5 elementor-section-boxed elementor-section-height-default elementor-section-height-default\" data-id=\"6c427d5\" data-element_type=\"section\" data-e-type=\"section\">\n\t\t\t\t\t\t<div class=\"elementor-container elementor-column-gap-default\">\n\t\t\t\t\t<div class=\"elementor-column elementor-col-100 elementor-top-column elementor-element elementor-element-8b171b8\" data-id=\"8b171b8\" data-element_type=\"column\" data-e-type=\"column\">\n\t\t\t<div class=\"elementor-widget-wrap elementor-element-populated\">\n\t\t\t\t\t\t<div class=\"elementor-element elementor-element-4ec2d55 elementor-widget-divider--view-line elementor-widget elementor-widget-divider\" data-id=\"4ec2d55\" data-element_type=\"widget\" data-e-type=\"widget\" data-widget_type=\"divider.default\">\n\t\t\t\t<div class=\"elementor-widget-container\">\n\t\t\t\t\t\t\t<div class=\"elementor-divider\">\n\t\t\t<span class=\"elementor-divider-separator\">\n\t\t\t\t\t\t<\/span>\n\t\t<\/div>\n\t\t\t\t\t\t<\/div>\n\t\t\t\t<\/div>\n\t\t\t\t\t<\/div>\n\t\t<\/div>\n\t\t\t\t\t<\/div>\n\t\t<\/section>\n\t\t\t\t<\/div>\n\t\t","protected":false},"excerpt":{"rendered":"<p>Vous \u00eates-vous pos\u00e9 cette question ? Est-il possible de r\u00e9duire le co\u00fbt de ma gamme sans r\u00e9duire la qualit\u00e9 ? &nbsp;Non, je n&rsquo;ai pas de pouvoir magique. Mais il y a quelques points d&rsquo;optimisation \u00e9conomique qui permettent de r\u00e9duire les co\u00fbts sans pour autant modifier la qualit\u00e9 finale, bien au contraire&#8230; Faites un tour sur [&hellip;]<\/p>\n","protected":false},"author":1,"featured_media":0,"parent":0,"menu_order":0,"comment_status":"closed","ping_status":"closed","template":"","meta":{"ocean_post_layout":"full-screen","ocean_both_sidebars_style":"","ocean_both_sidebars_content_width":0,"ocean_both_sidebars_sidebars_width":0,"ocean_sidebar":"0","ocean_second_sidebar":"0","ocean_disable_margins":"enable","ocean_add_body_class":"","ocean_shortcode_before_top_bar":"","ocean_shortcode_after_top_bar":"","ocean_shortcode_before_header":"","ocean_shortcode_after_header":"","ocean_has_shortcode":"","ocean_shortcode_after_title":"","ocean_shortcode_before_footer_widgets":"","ocean_shortcode_after_footer_widgets":"","ocean_shortcode_before_footer_bottom":"","ocean_shortcode_after_footer_bottom":"","ocean_display_top_bar":"off","ocean_display_header":"default","ocean_header_style":"","ocean_center_header_left_menu":"0","ocean_custom_header_template":"0","ocean_custom_logo":0,"ocean_custom_retina_logo":0,"ocean_custom_logo_max_width":0,"ocean_custom_logo_tablet_max_width":0,"ocean_custom_logo_mobile_max_width":0,"ocean_custom_logo_max_height":0,"ocean_custom_logo_tablet_max_height":0,"ocean_custom_logo_mobile_max_height":0,"ocean_header_custom_menu":"0","ocean_menu_typo_font_family":"0","ocean_menu_typo_font_subset":"","ocean_menu_typo_font_size":0,"ocean_menu_typo_font_size_tablet":0,"ocean_menu_typo_font_size_mobile":0,"ocean_menu_typo_font_size_unit":"px","ocean_menu_typo_font_weight":"","ocean_menu_typo_font_weight_tablet":"","ocean_menu_typo_font_weight_mobile":"","ocean_menu_typo_transform":"","ocean_menu_typo_transform_tablet":"","ocean_menu_typo_transform_mobile":"","ocean_menu_typo_line_height":0,"ocean_menu_typo_line_height_tablet":0,"ocean_menu_typo_line_height_mobile":0,"ocean_menu_typo_line_height_unit":"","ocean_menu_typo_spacing":0,"ocean_menu_typo_spacing_tablet":0,"ocean_menu_typo_spacing_mobile":0,"ocean_menu_typo_spacing_unit":"","ocean_menu_link_color":"","ocean_menu_link_color_hover":"","ocean_menu_link_color_active":"","ocean_menu_link_background":"","ocean_menu_link_hover_background":"","ocean_menu_link_active_background":"","ocean_menu_social_links_bg":"","ocean_menu_social_hover_links_bg":"","ocean_menu_social_links_color":"","ocean_menu_social_hover_links_color":"","ocean_disable_title":"default","ocean_disable_heading":"default","ocean_post_title":"","ocean_post_subheading":"","ocean_post_title_style":"background-image","ocean_post_title_background_color":"","ocean_post_title_background":313,"ocean_post_title_bg_image_position":"center center","ocean_post_title_bg_image_attachment":"","ocean_post_title_bg_image_repeat":"","ocean_post_title_bg_image_size":"auto","ocean_post_title_height":0,"ocean_post_title_bg_overlay":0.3,"ocean_post_title_bg_overlay_color":"","ocean_disable_breadcrumbs":"default","ocean_breadcrumbs_color":"","ocean_breadcrumbs_separator_color":"","ocean_breadcrumbs_links_color":"","ocean_breadcrumbs_links_hover_color":"","ocean_display_footer_widgets":"default","ocean_display_footer_bottom":"default","ocean_custom_footer_template":"0","footnotes":""},"class_list":["post-309","page","type-page","status-publish","hentry","entry"],"yoast_head":"<!-- This site is optimized with the Yoast SEO plugin v27.3 - https:\/\/yoast.com\/product\/yoast-seo-wordpress\/ -->\n<title>Optimisation \u00e9conomique - SOS-TS.fr<\/title>\n<meta name=\"robots\" content=\"index, follow, max-snippet:-1, max-image-preview:large, max-video-preview:-1\" \/>\n<link rel=\"canonical\" href=\"https:\/\/sos-ts.fr\/?page_id=309\" \/>\n<meta property=\"og:locale\" content=\"fr_FR\" \/>\n<meta property=\"og:type\" content=\"article\" \/>\n<meta property=\"og:title\" content=\"Optimisation \u00e9conomique - SOS-TS.fr\" \/>\n<meta property=\"og:description\" content=\"Vous \u00eates-vous pos\u00e9 cette question ? Est-il possible de r\u00e9duire le co\u00fbt de ma gamme sans r\u00e9duire la qualit\u00e9 ? &nbsp;Non, je n&rsquo;ai pas de pouvoir magique. Mais il y a quelques points d&rsquo;optimisation \u00e9conomique qui permettent de r\u00e9duire les co\u00fbts sans pour autant modifier la qualit\u00e9 finale, bien au contraire&#8230; Faites un tour sur [&hellip;]\" \/>\n<meta property=\"og:url\" content=\"https:\/\/sos-ts.fr\/?page_id=309\" \/>\n<meta property=\"og:site_name\" content=\"SOS-TS.fr\" \/>\n<meta property=\"article:modified_time\" content=\"2021-05-10T04:50:12+00:00\" \/>\n<meta property=\"og:image\" content=\"http:\/\/sos-ts.fr\/wp-content\/uploads\/2021\/04\/boy-1454054_640-150x150.png\" \/>\n<meta name=\"twitter:card\" content=\"summary_large_image\" \/>\n<meta name=\"twitter:label1\" content=\"Dur\u00e9e de lecture estim\u00e9e\" \/>\n\t<meta name=\"twitter:data1\" content=\"1 minute\" \/>\n<script type=\"application\/ld+json\" class=\"yoast-schema-graph\">{\"@context\":\"https:\\\/\\\/schema.org\",\"@graph\":[{\"@type\":\"WebPage\",\"@id\":\"https:\\\/\\\/sos-ts.fr\\\/?page_id=309\",\"url\":\"https:\\\/\\\/sos-ts.fr\\\/?page_id=309\",\"name\":\"Optimisation \u00e9conomique - SOS-TS.fr\",\"isPartOf\":{\"@id\":\"https:\\\/\\\/sos-ts.fr\\\/#website\"},\"primaryImageOfPage\":{\"@id\":\"https:\\\/\\\/sos-ts.fr\\\/?page_id=309#primaryimage\"},\"image\":{\"@id\":\"https:\\\/\\\/sos-ts.fr\\\/?page_id=309#primaryimage\"},\"thumbnailUrl\":\"http:\\\/\\\/sos-ts.fr\\\/wp-content\\\/uploads\\\/2021\\\/04\\\/boy-1454054_640-150x150.png\",\"datePublished\":\"2021-04-06T15:42:05+00:00\",\"dateModified\":\"2021-05-10T04:50:12+00:00\",\"breadcrumb\":{\"@id\":\"https:\\\/\\\/sos-ts.fr\\\/?page_id=309#breadcrumb\"},\"inLanguage\":\"fr-FR\",\"potentialAction\":[{\"@type\":\"ReadAction\",\"target\":[\"https:\\\/\\\/sos-ts.fr\\\/?page_id=309\"]}]},{\"@type\":\"ImageObject\",\"inLanguage\":\"fr-FR\",\"@id\":\"https:\\\/\\\/sos-ts.fr\\\/?page_id=309#primaryimage\",\"url\":\"https:\\\/\\\/sos-ts.fr\\\/wp-content\\\/uploads\\\/2021\\\/04\\\/boy-1454054_640.png\",\"contentUrl\":\"https:\\\/\\\/sos-ts.fr\\\/wp-content\\\/uploads\\\/2021\\\/04\\\/boy-1454054_640.png\",\"width\":544,\"height\":640},{\"@type\":\"BreadcrumbList\",\"@id\":\"https:\\\/\\\/sos-ts.fr\\\/?page_id=309#breadcrumb\",\"itemListElement\":[{\"@type\":\"ListItem\",\"position\":1,\"name\":\"Accueil\",\"item\":\"https:\\\/\\\/sos-ts.fr\\\/\"},{\"@type\":\"ListItem\",\"position\":2,\"name\":\"Optimisation \u00e9conomique\"}]},{\"@type\":\"WebSite\",\"@id\":\"https:\\\/\\\/sos-ts.fr\\\/#website\",\"url\":\"https:\\\/\\\/sos-ts.fr\\\/\",\"name\":\"SOS-TS.fr\",\"description\":\"Assistance et conseil en traitement de surface\",\"publisher\":{\"@id\":\"https:\\\/\\\/sos-ts.fr\\\/#organization\"},\"potentialAction\":[{\"@type\":\"SearchAction\",\"target\":{\"@type\":\"EntryPoint\",\"urlTemplate\":\"https:\\\/\\\/sos-ts.fr\\\/?s={search_term_string}\"},\"query-input\":{\"@type\":\"PropertyValueSpecification\",\"valueRequired\":true,\"valueName\":\"search_term_string\"}}],\"inLanguage\":\"fr-FR\"},{\"@type\":\"Organization\",\"@id\":\"https:\\\/\\\/sos-ts.fr\\\/#organization\",\"name\":\"SOS-TS.fr\",\"url\":\"https:\\\/\\\/sos-ts.fr\\\/\",\"logo\":{\"@type\":\"ImageObject\",\"inLanguage\":\"fr-FR\",\"@id\":\"https:\\\/\\\/sos-ts.fr\\\/#\\\/schema\\\/logo\\\/image\\\/\",\"url\":\"https:\\\/\\\/sos-ts.fr\\\/wp-content\\\/uploads\\\/2021\\\/04\\\/LOGO-diamant-2.png\",\"contentUrl\":\"https:\\\/\\\/sos-ts.fr\\\/wp-content\\\/uploads\\\/2021\\\/04\\\/LOGO-diamant-2.png\",\"width\":86,\"height\":67,\"caption\":\"SOS-TS.fr\"},\"image\":{\"@id\":\"https:\\\/\\\/sos-ts.fr\\\/#\\\/schema\\\/logo\\\/image\\\/\"},\"sameAs\":[\"https:\\\/\\\/www.linkedin.com\\\/in\\\/christophe-romain-0042276b\\\/\"]}]}<\/script>\n<!-- \/ Yoast SEO plugin. -->","yoast_head_json":{"title":"Optimisation \u00e9conomique - SOS-TS.fr","robots":{"index":"index","follow":"follow","max-snippet":"max-snippet:-1","max-image-preview":"max-image-preview:large","max-video-preview":"max-video-preview:-1"},"canonical":"https:\/\/sos-ts.fr\/?page_id=309","og_locale":"fr_FR","og_type":"article","og_title":"Optimisation \u00e9conomique - SOS-TS.fr","og_description":"Vous \u00eates-vous pos\u00e9 cette question ? Est-il possible de r\u00e9duire le co\u00fbt de ma gamme sans r\u00e9duire la qualit\u00e9 ? &nbsp;Non, je n&rsquo;ai pas de pouvoir magique. Mais il y a quelques points d&rsquo;optimisation \u00e9conomique qui permettent de r\u00e9duire les co\u00fbts sans pour autant modifier la qualit\u00e9 finale, bien au contraire&#8230; Faites un tour sur [&hellip;]","og_url":"https:\/\/sos-ts.fr\/?page_id=309","og_site_name":"SOS-TS.fr","article_modified_time":"2021-05-10T04:50:12+00:00","og_image":[{"url":"http:\/\/sos-ts.fr\/wp-content\/uploads\/2021\/04\/boy-1454054_640-150x150.png","type":"","width":"","height":""}],"twitter_card":"summary_large_image","twitter_misc":{"Dur\u00e9e de lecture estim\u00e9e":"1 minute"},"schema":{"@context":"https:\/\/schema.org","@graph":[{"@type":"WebPage","@id":"https:\/\/sos-ts.fr\/?page_id=309","url":"https:\/\/sos-ts.fr\/?page_id=309","name":"Optimisation \u00e9conomique - SOS-TS.fr","isPartOf":{"@id":"https:\/\/sos-ts.fr\/#website"},"primaryImageOfPage":{"@id":"https:\/\/sos-ts.fr\/?page_id=309#primaryimage"},"image":{"@id":"https:\/\/sos-ts.fr\/?page_id=309#primaryimage"},"thumbnailUrl":"http:\/\/sos-ts.fr\/wp-content\/uploads\/2021\/04\/boy-1454054_640-150x150.png","datePublished":"2021-04-06T15:42:05+00:00","dateModified":"2021-05-10T04:50:12+00:00","breadcrumb":{"@id":"https:\/\/sos-ts.fr\/?page_id=309#breadcrumb"},"inLanguage":"fr-FR","potentialAction":[{"@type":"ReadAction","target":["https:\/\/sos-ts.fr\/?page_id=309"]}]},{"@type":"ImageObject","inLanguage":"fr-FR","@id":"https:\/\/sos-ts.fr\/?page_id=309#primaryimage","url":"https:\/\/sos-ts.fr\/wp-content\/uploads\/2021\/04\/boy-1454054_640.png","contentUrl":"https:\/\/sos-ts.fr\/wp-content\/uploads\/2021\/04\/boy-1454054_640.png","width":544,"height":640},{"@type":"BreadcrumbList","@id":"https:\/\/sos-ts.fr\/?page_id=309#breadcrumb","itemListElement":[{"@type":"ListItem","position":1,"name":"Accueil","item":"https:\/\/sos-ts.fr\/"},{"@type":"ListItem","position":2,"name":"Optimisation \u00e9conomique"}]},{"@type":"WebSite","@id":"https:\/\/sos-ts.fr\/#website","url":"https:\/\/sos-ts.fr\/","name":"SOS-TS.fr","description":"Assistance et conseil en traitement de surface","publisher":{"@id":"https:\/\/sos-ts.fr\/#organization"},"potentialAction":[{"@type":"SearchAction","target":{"@type":"EntryPoint","urlTemplate":"https:\/\/sos-ts.fr\/?s={search_term_string}"},"query-input":{"@type":"PropertyValueSpecification","valueRequired":true,"valueName":"search_term_string"}}],"inLanguage":"fr-FR"},{"@type":"Organization","@id":"https:\/\/sos-ts.fr\/#organization","name":"SOS-TS.fr","url":"https:\/\/sos-ts.fr\/","logo":{"@type":"ImageObject","inLanguage":"fr-FR","@id":"https:\/\/sos-ts.fr\/#\/schema\/logo\/image\/","url":"https:\/\/sos-ts.fr\/wp-content\/uploads\/2021\/04\/LOGO-diamant-2.png","contentUrl":"https:\/\/sos-ts.fr\/wp-content\/uploads\/2021\/04\/LOGO-diamant-2.png","width":86,"height":67,"caption":"SOS-TS.fr"},"image":{"@id":"https:\/\/sos-ts.fr\/#\/schema\/logo\/image\/"},"sameAs":["https:\/\/www.linkedin.com\/in\/christophe-romain-0042276b\/"]}]}},"_links":{"self":[{"href":"https:\/\/sos-ts.fr\/index.php?rest_route=\/wp\/v2\/pages\/309","targetHints":{"allow":["GET"]}}],"collection":[{"href":"https:\/\/sos-ts.fr\/index.php?rest_route=\/wp\/v2\/pages"}],"about":[{"href":"https:\/\/sos-ts.fr\/index.php?rest_route=\/wp\/v2\/types\/page"}],"author":[{"embeddable":true,"href":"https:\/\/sos-ts.fr\/index.php?rest_route=\/wp\/v2\/users\/1"}],"replies":[{"embeddable":true,"href":"https:\/\/sos-ts.fr\/index.php?rest_route=%2Fwp%2Fv2%2Fcomments&post=309"}],"version-history":[{"count":65,"href":"https:\/\/sos-ts.fr\/index.php?rest_route=\/wp\/v2\/pages\/309\/revisions"}],"predecessor-version":[{"id":1426,"href":"https:\/\/sos-ts.fr\/index.php?rest_route=\/wp\/v2\/pages\/309\/revisions\/1426"}],"wp:attachment":[{"href":"https:\/\/sos-ts.fr\/index.php?rest_route=%2Fwp%2Fv2%2Fmedia&parent=309"}],"curies":[{"name":"wp","href":"https:\/\/api.w.org\/{rel}","templated":true}]}}