{"id":320,"date":"2021-04-06T17:51:53","date_gmt":"2021-04-06T15:51:53","guid":{"rendered":"http:\/\/127.0.0.1\/wordpress\/?page_id=320"},"modified":"2021-05-10T06:46:12","modified_gmt":"2021-05-10T04:46:12","slug":"aide-a-linvestissement","status":"publish","type":"page","link":"https:\/\/sos-ts.fr\/?page_id=320","title":{"rendered":"Aide \u00e0 l&rsquo;investissement"},"content":{"rendered":"\t\t<div data-elementor-type=\"wp-page\" data-elementor-id=\"320\" class=\"elementor elementor-320\">\n\t\t\t\t\t\t<section class=\"elementor-section elementor-top-section elementor-element elementor-element-51e0818 elementor-section-boxed elementor-section-height-default elementor-section-height-default\" data-id=\"51e0818\" data-element_type=\"section\" data-e-type=\"section\">\n\t\t\t\t\t\t<div class=\"elementor-container elementor-column-gap-default\">\n\t\t\t\t\t<div class=\"elementor-column elementor-col-100 elementor-top-column elementor-element elementor-element-4b29133\" data-id=\"4b29133\" data-element_type=\"column\" data-e-type=\"column\">\n\t\t\t<div class=\"elementor-widget-wrap elementor-element-populated\">\n\t\t\t\t\t\t<div class=\"elementor-element elementor-element-e2ee87f elementor-widget-divider--view-line elementor-widget elementor-widget-divider\" data-id=\"e2ee87f\" data-element_type=\"widget\" data-e-type=\"widget\" data-widget_type=\"divider.default\">\n\t\t\t\t<div class=\"elementor-widget-container\">\n\t\t\t\t\t\t\t<div class=\"elementor-divider\">\n\t\t\t<span class=\"elementor-divider-separator\">\n\t\t\t\t\t\t<\/span>\n\t\t<\/div>\n\t\t\t\t\t\t<\/div>\n\t\t\t\t<\/div>\n\t\t\t\t\t<\/div>\n\t\t<\/div>\n\t\t\t\t\t<\/div>\n\t\t<\/section>\n\t\t\t\t<section class=\"elementor-section elementor-top-section elementor-element elementor-element-295fed0 elementor-section-boxed elementor-section-height-default elementor-section-height-default\" data-id=\"295fed0\" data-element_type=\"section\" data-e-type=\"section\">\n\t\t\t\t\t\t<div class=\"elementor-container elementor-column-gap-default\">\n\t\t\t\t\t<div class=\"elementor-column elementor-col-100 elementor-top-column elementor-element elementor-element-6d618f4\" data-id=\"6d618f4\" data-element_type=\"column\" data-e-type=\"column\">\n\t\t\t<div class=\"elementor-widget-wrap elementor-element-populated\">\n\t\t\t\t\t\t<div class=\"elementor-element elementor-element-34244ee elementor-widget elementor-widget-text-editor\" data-id=\"34244ee\" data-element_type=\"widget\" data-e-type=\"widget\" data-widget_type=\"text-editor.default\">\n\t\t\t\t<div class=\"elementor-widget-container\">\n\t\t\t\t\t\t\t\t\t<p>Vous avez l&rsquo;intention d&rsquo;investir ou de modifier,\u00a0 une installation de traitement de surface et vous souhaitez obtenir une aide technique.<\/p><p>Vous vous demandez quel serait le meilleur processus de traitement afin de r\u00e9pondre au mieux \u00e0 votre cahier des charges, tant sur le point de vue technique que \u00e9conomique.<\/p><p>Vous ne savez pas exactement \u00e0 quoi vous attendre pour un traitement donn\u00e9, en terme de performance.<\/p>\t\t\t\t\t\t\t\t<\/div>\n\t\t\t\t<\/div>\n\t\t\t\t\t<\/div>\n\t\t<\/div>\n\t\t\t\t\t<\/div>\n\t\t<\/section>\n\t\t\t\t<section class=\"elementor-section elementor-top-section elementor-element elementor-element-58acbb4 elementor-section-boxed elementor-section-height-default elementor-section-height-default\" data-id=\"58acbb4\" data-element_type=\"section\" data-e-type=\"section\">\n\t\t\t\t\t\t<div class=\"elementor-container elementor-column-gap-default\">\n\t\t\t\t\t<div class=\"elementor-column elementor-col-100 elementor-top-column elementor-element elementor-element-71fb331\" data-id=\"71fb331\" data-element_type=\"column\" data-e-type=\"column\">\n\t\t\t<div class=\"elementor-widget-wrap elementor-element-populated\">\n\t\t\t\t\t\t<div class=\"elementor-element elementor-element-ae12bf0 elementor-widget-divider--view-line elementor-widget elementor-widget-divider\" data-id=\"ae12bf0\" data-element_type=\"widget\" data-e-type=\"widget\" data-widget_type=\"divider.default\">\n\t\t\t\t<div class=\"elementor-widget-container\">\n\t\t\t\t\t\t\t<div class=\"elementor-divider\">\n\t\t\t<span class=\"elementor-divider-separator\">\n\t\t\t\t\t\t<\/span>\n\t\t<\/div>\n\t\t\t\t\t\t<\/div>\n\t\t\t\t<\/div>\n\t\t\t\t\t<\/div>\n\t\t<\/div>\n\t\t\t\t\t<\/div>\n\t\t<\/section>\n\t\t\t\t<section class=\"elementor-section elementor-top-section elementor-element elementor-element-f809fee elementor-section-boxed elementor-section-height-default elementor-section-height-default\" data-id=\"f809fee\" data-element_type=\"section\" data-e-type=\"section\">\n\t\t\t\t\t\t<div class=\"elementor-container elementor-column-gap-default\">\n\t\t\t\t\t<div class=\"elementor-column elementor-col-33 elementor-top-column elementor-element elementor-element-936a0b4\" data-id=\"936a0b4\" data-element_type=\"column\" data-e-type=\"column\">\n\t\t\t<div class=\"elementor-widget-wrap\">\n\t\t\t\t\t\t\t<\/div>\n\t\t<\/div>\n\t\t\t\t<div class=\"elementor-column elementor-col-33 elementor-top-column elementor-element elementor-element-c1e3735\" data-id=\"c1e3735\" data-element_type=\"column\" data-e-type=\"column\">\n\t\t\t<div class=\"elementor-widget-wrap elementor-element-populated\">\n\t\t\t\t\t\t<div class=\"elementor-element elementor-element-bbc314f elementor-align-center elementor-widget elementor-widget-button\" data-id=\"bbc314f\" data-element_type=\"widget\" data-e-type=\"widget\" data-widget_type=\"button.default\">\n\t\t\t\t<div class=\"elementor-widget-container\">\n\t\t\t\t\t\t\t\t\t<div class=\"elementor-button-wrapper\">\n\t\t\t\t\t<a class=\"elementor-button elementor-button-link elementor-size-sm\" href=\"https:\/\/sos-ts.fr\/contact\/\">\n\t\t\t\t\t\t<span class=\"elementor-button-content-wrapper\">\n\t\t\t\t\t\t\t\t\t<span class=\"elementor-button-text\">Contactez-moi<\/span>\n\t\t\t\t\t<\/span>\n\t\t\t\t\t<\/a>\n\t\t\t\t<\/div>\n\t\t\t\t\t\t\t\t<\/div>\n\t\t\t\t<\/div>\n\t\t\t\t\t<\/div>\n\t\t<\/div>\n\t\t\t\t<div class=\"elementor-column elementor-col-33 elementor-top-column elementor-element elementor-element-bd19e9d\" data-id=\"bd19e9d\" data-element_type=\"column\" data-e-type=\"column\">\n\t\t\t<div class=\"elementor-widget-wrap\">\n\t\t\t\t\t\t\t<\/div>\n\t\t<\/div>\n\t\t\t\t\t<\/div>\n\t\t<\/section>\n\t\t\t\t<section class=\"elementor-section elementor-top-section elementor-element elementor-element-67b2e43 elementor-section-boxed elementor-section-height-default elementor-section-height-default\" data-id=\"67b2e43\" data-element_type=\"section\" data-e-type=\"section\">\n\t\t\t\t\t\t<div class=\"elementor-container elementor-column-gap-default\">\n\t\t\t\t\t<div class=\"elementor-column elementor-col-100 elementor-top-column elementor-element elementor-element-5ee0ad0\" data-id=\"5ee0ad0\" data-element_type=\"column\" data-e-type=\"column\">\n\t\t\t<div class=\"elementor-widget-wrap elementor-element-populated\">\n\t\t\t\t\t\t<div class=\"elementor-element elementor-element-9ac0ed4 elementor-widget-divider--view-line elementor-widget elementor-widget-divider\" data-id=\"9ac0ed4\" data-element_type=\"widget\" data-e-type=\"widget\" data-widget_type=\"divider.default\">\n\t\t\t\t<div class=\"elementor-widget-container\">\n\t\t\t\t\t\t\t<div class=\"elementor-divider\">\n\t\t\t<span class=\"elementor-divider-separator\">\n\t\t\t\t\t\t<\/span>\n\t\t<\/div>\n\t\t\t\t\t\t<\/div>\n\t\t\t\t<\/div>\n\t\t\t\t\t<\/div>\n\t\t<\/div>\n\t\t\t\t\t<\/div>\n\t\t<\/section>\n\t\t\t\t<\/div>\n\t\t","protected":false},"excerpt":{"rendered":"<p>Vous avez l&rsquo;intention d&rsquo;investir ou de modifier,&nbsp; une installation de traitement de surface et vous souhaitez obtenir une aide technique. Vous vous demandez quel serait le meilleur processus de traitement afin de r\u00e9pondre au mieux \u00e0 votre cahier des charges, tant sur le point de vue technique que \u00e9conomique. Vous ne savez pas exactement \u00e0 [&hellip;]<\/p>\n","protected":false},"author":1,"featured_media":0,"parent":0,"menu_order":0,"comment_status":"closed","ping_status":"closed","template":"","meta":{"ocean_post_layout":"full-screen","ocean_both_sidebars_style":"","ocean_both_sidebars_content_width":0,"ocean_both_sidebars_sidebars_width":0,"ocean_sidebar":"0","ocean_second_sidebar":"0","ocean_disable_margins":"enable","ocean_add_body_class":"","ocean_shortcode_before_top_bar":"","ocean_shortcode_after_top_bar":"","ocean_shortcode_before_header":"","ocean_shortcode_after_header":"","ocean_has_shortcode":"","ocean_shortcode_after_title":"","ocean_shortcode_before_footer_widgets":"","ocean_shortcode_after_footer_widgets":"","ocean_shortcode_before_footer_bottom":"","ocean_shortcode_after_footer_bottom":"","ocean_display_top_bar":"off","ocean_display_header":"default","ocean_header_style":"","ocean_center_header_left_menu":"0","ocean_custom_header_template":"0","ocean_custom_logo":0,"ocean_custom_retina_logo":0,"ocean_custom_logo_max_width":0,"ocean_custom_logo_tablet_max_width":0,"ocean_custom_logo_mobile_max_width":0,"ocean_custom_logo_max_height":0,"ocean_custom_logo_tablet_max_height":0,"ocean_custom_logo_mobile_max_height":0,"ocean_header_custom_menu":"0","ocean_menu_typo_font_family":"0","ocean_menu_typo_font_subset":"","ocean_menu_typo_font_size":0,"ocean_menu_typo_font_size_tablet":0,"ocean_menu_typo_font_size_mobile":0,"ocean_menu_typo_font_size_unit":"px","ocean_menu_typo_font_weight":"","ocean_menu_typo_font_weight_tablet":"","ocean_menu_typo_font_weight_mobile":"","ocean_menu_typo_transform":"","ocean_menu_typo_transform_tablet":"","ocean_menu_typo_transform_mobile":"","ocean_menu_typo_line_height":0,"ocean_menu_typo_line_height_tablet":0,"ocean_menu_typo_line_height_mobile":0,"ocean_menu_typo_line_height_unit":"","ocean_menu_typo_spacing":0,"ocean_menu_typo_spacing_tablet":0,"ocean_menu_typo_spacing_mobile":0,"ocean_menu_typo_spacing_unit":"","ocean_menu_link_color":"","ocean_menu_link_color_hover":"","ocean_menu_link_color_active":"","ocean_menu_link_background":"","ocean_menu_link_hover_background":"","ocean_menu_link_active_background":"","ocean_menu_social_links_bg":"","ocean_menu_social_hover_links_bg":"","ocean_menu_social_links_color":"","ocean_menu_social_hover_links_color":"","ocean_disable_title":"default","ocean_disable_heading":"default","ocean_post_title":"","ocean_post_subheading":"","ocean_post_title_style":"background-image","ocean_post_title_background_color":"","ocean_post_title_background":84,"ocean_post_title_bg_image_position":"top center","ocean_post_title_bg_image_attachment":"","ocean_post_title_bg_image_repeat":"","ocean_post_title_bg_image_size":"","ocean_post_title_height":0,"ocean_post_title_bg_overlay":0.3,"ocean_post_title_bg_overlay_color":"","ocean_disable_breadcrumbs":"default","ocean_breadcrumbs_color":"","ocean_breadcrumbs_separator_color":"","ocean_breadcrumbs_links_color":"","ocean_breadcrumbs_links_hover_color":"","ocean_display_footer_widgets":"default","ocean_display_footer_bottom":"default","ocean_custom_footer_template":"0","footnotes":""},"class_list":["post-320","page","type-page","status-publish","hentry","entry"],"yoast_head":"<!-- This site is optimized with the Yoast SEO plugin v27.3 - https:\/\/yoast.com\/product\/yoast-seo-wordpress\/ -->\n<title>Aide \u00e0 l&#039;investissement - SOS-TS.fr<\/title>\n<meta name=\"robots\" content=\"index, follow, max-snippet:-1, max-image-preview:large, max-video-preview:-1\" \/>\n<link rel=\"canonical\" href=\"https:\/\/sos-ts.fr\/?page_id=320\" \/>\n<meta property=\"og:locale\" content=\"fr_FR\" \/>\n<meta property=\"og:type\" content=\"article\" \/>\n<meta property=\"og:title\" content=\"Aide \u00e0 l&#039;investissement - SOS-TS.fr\" \/>\n<meta property=\"og:description\" content=\"Vous avez l&rsquo;intention d&rsquo;investir ou de modifier,&nbsp; une installation de traitement de surface et vous souhaitez obtenir une aide technique. Vous vous demandez quel serait le meilleur processus de traitement afin de r\u00e9pondre au mieux \u00e0 votre cahier des charges, tant sur le point de vue technique que \u00e9conomique. Vous ne savez pas exactement \u00e0 [&hellip;]\" \/>\n<meta property=\"og:url\" content=\"https:\/\/sos-ts.fr\/?page_id=320\" \/>\n<meta property=\"og:site_name\" content=\"SOS-TS.fr\" \/>\n<meta property=\"article:modified_time\" content=\"2021-05-10T04:46:12+00:00\" \/>\n<meta name=\"twitter:card\" content=\"summary_large_image\" \/>\n<meta name=\"twitter:label1\" content=\"Dur\u00e9e de lecture estim\u00e9e\" \/>\n\t<meta name=\"twitter:data1\" content=\"1 minute\" \/>\n<script type=\"application\/ld+json\" class=\"yoast-schema-graph\">{\"@context\":\"https:\\\/\\\/schema.org\",\"@graph\":[{\"@type\":\"WebPage\",\"@id\":\"https:\\\/\\\/sos-ts.fr\\\/?page_id=320\",\"url\":\"https:\\\/\\\/sos-ts.fr\\\/?page_id=320\",\"name\":\"Aide \u00e0 l'investissement - SOS-TS.fr\",\"isPartOf\":{\"@id\":\"https:\\\/\\\/sos-ts.fr\\\/#website\"},\"datePublished\":\"2021-04-06T15:51:53+00:00\",\"dateModified\":\"2021-05-10T04:46:12+00:00\",\"breadcrumb\":{\"@id\":\"https:\\\/\\\/sos-ts.fr\\\/?page_id=320#breadcrumb\"},\"inLanguage\":\"fr-FR\",\"potentialAction\":[{\"@type\":\"ReadAction\",\"target\":[\"https:\\\/\\\/sos-ts.fr\\\/?page_id=320\"]}]},{\"@type\":\"BreadcrumbList\",\"@id\":\"https:\\\/\\\/sos-ts.fr\\\/?page_id=320#breadcrumb\",\"itemListElement\":[{\"@type\":\"ListItem\",\"position\":1,\"name\":\"Accueil\",\"item\":\"https:\\\/\\\/sos-ts.fr\\\/\"},{\"@type\":\"ListItem\",\"position\":2,\"name\":\"Aide \u00e0 l&rsquo;investissement\"}]},{\"@type\":\"WebSite\",\"@id\":\"https:\\\/\\\/sos-ts.fr\\\/#website\",\"url\":\"https:\\\/\\\/sos-ts.fr\\\/\",\"name\":\"SOS-TS.fr\",\"description\":\"Assistance et conseil en traitement de surface\",\"publisher\":{\"@id\":\"https:\\\/\\\/sos-ts.fr\\\/#organization\"},\"potentialAction\":[{\"@type\":\"SearchAction\",\"target\":{\"@type\":\"EntryPoint\",\"urlTemplate\":\"https:\\\/\\\/sos-ts.fr\\\/?s={search_term_string}\"},\"query-input\":{\"@type\":\"PropertyValueSpecification\",\"valueRequired\":true,\"valueName\":\"search_term_string\"}}],\"inLanguage\":\"fr-FR\"},{\"@type\":\"Organization\",\"@id\":\"https:\\\/\\\/sos-ts.fr\\\/#organization\",\"name\":\"SOS-TS.fr\",\"url\":\"https:\\\/\\\/sos-ts.fr\\\/\",\"logo\":{\"@type\":\"ImageObject\",\"inLanguage\":\"fr-FR\",\"@id\":\"https:\\\/\\\/sos-ts.fr\\\/#\\\/schema\\\/logo\\\/image\\\/\",\"url\":\"https:\\\/\\\/sos-ts.fr\\\/wp-content\\\/uploads\\\/2021\\\/04\\\/LOGO-diamant-2.png\",\"contentUrl\":\"https:\\\/\\\/sos-ts.fr\\\/wp-content\\\/uploads\\\/2021\\\/04\\\/LOGO-diamant-2.png\",\"width\":86,\"height\":67,\"caption\":\"SOS-TS.fr\"},\"image\":{\"@id\":\"https:\\\/\\\/sos-ts.fr\\\/#\\\/schema\\\/logo\\\/image\\\/\"},\"sameAs\":[\"https:\\\/\\\/www.linkedin.com\\\/in\\\/christophe-romain-0042276b\\\/\"]}]}<\/script>\n<!-- \/ Yoast SEO plugin. -->","yoast_head_json":{"title":"Aide \u00e0 l'investissement - SOS-TS.fr","robots":{"index":"index","follow":"follow","max-snippet":"max-snippet:-1","max-image-preview":"max-image-preview:large","max-video-preview":"max-video-preview:-1"},"canonical":"https:\/\/sos-ts.fr\/?page_id=320","og_locale":"fr_FR","og_type":"article","og_title":"Aide \u00e0 l'investissement - SOS-TS.fr","og_description":"Vous avez l&rsquo;intention d&rsquo;investir ou de modifier,&nbsp; une installation de traitement de surface et vous souhaitez obtenir une aide technique. Vous vous demandez quel serait le meilleur processus de traitement afin de r\u00e9pondre au mieux \u00e0 votre cahier des charges, tant sur le point de vue technique que \u00e9conomique. Vous ne savez pas exactement \u00e0 [&hellip;]","og_url":"https:\/\/sos-ts.fr\/?page_id=320","og_site_name":"SOS-TS.fr","article_modified_time":"2021-05-10T04:46:12+00:00","twitter_card":"summary_large_image","twitter_misc":{"Dur\u00e9e de lecture estim\u00e9e":"1 minute"},"schema":{"@context":"https:\/\/schema.org","@graph":[{"@type":"WebPage","@id":"https:\/\/sos-ts.fr\/?page_id=320","url":"https:\/\/sos-ts.fr\/?page_id=320","name":"Aide \u00e0 l'investissement - SOS-TS.fr","isPartOf":{"@id":"https:\/\/sos-ts.fr\/#website"},"datePublished":"2021-04-06T15:51:53+00:00","dateModified":"2021-05-10T04:46:12+00:00","breadcrumb":{"@id":"https:\/\/sos-ts.fr\/?page_id=320#breadcrumb"},"inLanguage":"fr-FR","potentialAction":[{"@type":"ReadAction","target":["https:\/\/sos-ts.fr\/?page_id=320"]}]},{"@type":"BreadcrumbList","@id":"https:\/\/sos-ts.fr\/?page_id=320#breadcrumb","itemListElement":[{"@type":"ListItem","position":1,"name":"Accueil","item":"https:\/\/sos-ts.fr\/"},{"@type":"ListItem","position":2,"name":"Aide \u00e0 l&rsquo;investissement"}]},{"@type":"WebSite","@id":"https:\/\/sos-ts.fr\/#website","url":"https:\/\/sos-ts.fr\/","name":"SOS-TS.fr","description":"Assistance et conseil en traitement de surface","publisher":{"@id":"https:\/\/sos-ts.fr\/#organization"},"potentialAction":[{"@type":"SearchAction","target":{"@type":"EntryPoint","urlTemplate":"https:\/\/sos-ts.fr\/?s={search_term_string}"},"query-input":{"@type":"PropertyValueSpecification","valueRequired":true,"valueName":"search_term_string"}}],"inLanguage":"fr-FR"},{"@type":"Organization","@id":"https:\/\/sos-ts.fr\/#organization","name":"SOS-TS.fr","url":"https:\/\/sos-ts.fr\/","logo":{"@type":"ImageObject","inLanguage":"fr-FR","@id":"https:\/\/sos-ts.fr\/#\/schema\/logo\/image\/","url":"https:\/\/sos-ts.fr\/wp-content\/uploads\/2021\/04\/LOGO-diamant-2.png","contentUrl":"https:\/\/sos-ts.fr\/wp-content\/uploads\/2021\/04\/LOGO-diamant-2.png","width":86,"height":67,"caption":"SOS-TS.fr"},"image":{"@id":"https:\/\/sos-ts.fr\/#\/schema\/logo\/image\/"},"sameAs":["https:\/\/www.linkedin.com\/in\/christophe-romain-0042276b\/"]}]}},"_links":{"self":[{"href":"https:\/\/sos-ts.fr\/index.php?rest_route=\/wp\/v2\/pages\/320","targetHints":{"allow":["GET"]}}],"collection":[{"href":"https:\/\/sos-ts.fr\/index.php?rest_route=\/wp\/v2\/pages"}],"about":[{"href":"https:\/\/sos-ts.fr\/index.php?rest_route=\/wp\/v2\/types\/page"}],"author":[{"embeddable":true,"href":"https:\/\/sos-ts.fr\/index.php?rest_route=\/wp\/v2\/users\/1"}],"replies":[{"embeddable":true,"href":"https:\/\/sos-ts.fr\/index.php?rest_route=%2Fwp%2Fv2%2Fcomments&post=320"}],"version-history":[{"count":45,"href":"https:\/\/sos-ts.fr\/index.php?rest_route=\/wp\/v2\/pages\/320\/revisions"}],"predecessor-version":[{"id":1418,"href":"https:\/\/sos-ts.fr\/index.php?rest_route=\/wp\/v2\/pages\/320\/revisions\/1418"}],"wp:attachment":[{"href":"https:\/\/sos-ts.fr\/index.php?rest_route=%2Fwp%2Fv2%2Fmedia&parent=320"}],"curies":[{"name":"wp","href":"https:\/\/api.w.org\/{rel}","templated":true}]}}