{"id":322,"date":"2021-04-06T17:53:45","date_gmt":"2021-04-06T15:53:45","guid":{"rendered":"http:\/\/127.0.0.1\/wordpress\/?page_id=322"},"modified":"2021-05-10T06:50:32","modified_gmt":"2021-05-10T04:50:32","slug":"hygiene-et-securite","status":"publish","type":"page","link":"https:\/\/sos-ts.fr\/?page_id=322","title":{"rendered":"Hygi\u00e8ne et s\u00e9curit\u00e9"},"content":{"rendered":"\t\t<div data-elementor-type=\"wp-page\" data-elementor-id=\"322\" class=\"elementor elementor-322\">\n\t\t\t\t\t\t<section class=\"elementor-section elementor-top-section elementor-element elementor-element-9ee791a elementor-section-boxed elementor-section-height-default elementor-section-height-default\" data-id=\"9ee791a\" data-element_type=\"section\" data-e-type=\"section\">\n\t\t\t\t\t\t<div class=\"elementor-container elementor-column-gap-default\">\n\t\t\t\t\t<div class=\"elementor-column elementor-col-100 elementor-top-column elementor-element elementor-element-b6efabc\" data-id=\"b6efabc\" data-element_type=\"column\" data-e-type=\"column\">\n\t\t\t<div class=\"elementor-widget-wrap elementor-element-populated\">\n\t\t\t\t\t\t<div class=\"elementor-element elementor-element-b098cf3 elementor-widget-divider--view-line elementor-widget elementor-widget-divider\" data-id=\"b098cf3\" data-element_type=\"widget\" data-e-type=\"widget\" data-widget_type=\"divider.default\">\n\t\t\t\t<div class=\"elementor-widget-container\">\n\t\t\t\t\t\t\t<div class=\"elementor-divider\">\n\t\t\t<span class=\"elementor-divider-separator\">\n\t\t\t\t\t\t<\/span>\n\t\t<\/div>\n\t\t\t\t\t\t<\/div>\n\t\t\t\t<\/div>\n\t\t\t\t\t<\/div>\n\t\t<\/div>\n\t\t\t\t\t<\/div>\n\t\t<\/section>\n\t\t\t\t<section class=\"elementor-section elementor-top-section elementor-element elementor-element-81019d8 elementor-section-boxed elementor-section-height-default elementor-section-height-default\" data-id=\"81019d8\" data-element_type=\"section\" data-e-type=\"section\">\n\t\t\t\t\t\t<div class=\"elementor-container elementor-column-gap-default\">\n\t\t\t\t\t<div class=\"elementor-column elementor-col-100 elementor-top-column elementor-element elementor-element-ab11d2d\" data-id=\"ab11d2d\" data-element_type=\"column\" data-e-type=\"column\">\n\t\t\t<div class=\"elementor-widget-wrap elementor-element-populated\">\n\t\t\t\t\t\t<div class=\"elementor-element elementor-element-f6f709b elementor-widget elementor-widget-text-editor\" data-id=\"f6f709b\" data-element_type=\"widget\" data-e-type=\"widget\" data-widget_type=\"text-editor.default\">\n\t\t\t\t<div class=\"elementor-widget-container\">\n\t\t\t\t\t\t\t\t\t<p>En plus de la formation risques chimiques en traitement de surface, il peut \u00eatre int\u00e9ressant de r\u00e9aliser un audit afin de s&rsquo;assurer que toutes les conditions de s\u00e9curit\u00e9 pour les op\u00e9rateurs, le stockage et l&rsquo;environnement sont bien r\u00e9unies.<\/p>\t\t\t\t\t\t\t\t<\/div>\n\t\t\t\t<\/div>\n\t\t\t\t\t<\/div>\n\t\t<\/div>\n\t\t\t\t\t<\/div>\n\t\t<\/section>\n\t\t\t\t<section class=\"elementor-section elementor-top-section elementor-element elementor-element-bd31133 elementor-section-boxed elementor-section-height-default elementor-section-height-default\" data-id=\"bd31133\" data-element_type=\"section\" data-e-type=\"section\">\n\t\t\t\t\t\t<div class=\"elementor-container elementor-column-gap-default\">\n\t\t\t\t\t<div class=\"elementor-column elementor-col-33 elementor-top-column elementor-element elementor-element-284ddf4\" data-id=\"284ddf4\" data-element_type=\"column\" data-e-type=\"column\">\n\t\t\t<div class=\"elementor-widget-wrap elementor-element-populated\">\n\t\t\t\t\t\t<div class=\"elementor-element elementor-element-bee1702 elementor-widget elementor-widget-text-editor\" data-id=\"bee1702\" data-element_type=\"widget\" data-e-type=\"widget\" data-widget_type=\"text-editor.default\">\n\t\t\t\t<div class=\"elementor-widget-container\">\n\t\t\t\t\t\t\t\t\t<p style=\"text-align: center;\"><strong>A l&rsquo;atelier<\/strong><\/p><p>Que ce soit dans l&rsquo;atelier de traitement de surface ou dans celui de d\u00e9toxication des eaux, un audit permet de limiter les risques pour les personnes et pour l&rsquo;environnement.<\/p>\t\t\t\t\t\t\t\t<\/div>\n\t\t\t\t<\/div>\n\t\t\t\t\t<\/div>\n\t\t<\/div>\n\t\t\t\t<div class=\"elementor-column elementor-col-33 elementor-top-column elementor-element elementor-element-bec8cc5\" data-id=\"bec8cc5\" data-element_type=\"column\" data-e-type=\"column\">\n\t\t\t<div class=\"elementor-widget-wrap elementor-element-populated\">\n\t\t\t\t\t\t<div class=\"elementor-element elementor-element-120fb57 elementor-widget elementor-widget-text-editor\" data-id=\"120fb57\" data-element_type=\"widget\" data-e-type=\"widget\" data-widget_type=\"text-editor.default\">\n\t\t\t\t<div class=\"elementor-widget-container\">\n\t\t\t\t\t\t\t\t\t<p style=\"text-align: center;\"><strong>Dans la zone de stockage<\/strong><\/p><p>\u00cates-vous certain de bien avoir v\u00e9rifi\u00e9 les incompatibilit\u00e9s possibles entre les r\u00e9actifs stock\u00e9s et les mat\u00e9riaux situ\u00e9s tout pr\u00e8s ?<\/p><p>Le regard d&rsquo;un chimiste averti peut vous \u00e9viter bien des d\u00e9sagr\u00e9ments.<\/p>\t\t\t\t\t\t\t\t<\/div>\n\t\t\t\t<\/div>\n\t\t\t\t\t<\/div>\n\t\t<\/div>\n\t\t\t\t<div class=\"elementor-column elementor-col-33 elementor-top-column elementor-element elementor-element-1667df0\" data-id=\"1667df0\" data-element_type=\"column\" data-e-type=\"column\">\n\t\t\t<div class=\"elementor-widget-wrap elementor-element-populated\">\n\t\t\t\t\t\t<div class=\"elementor-element elementor-element-a84e560 elementor-widget elementor-widget-text-editor\" data-id=\"a84e560\" data-element_type=\"widget\" data-e-type=\"widget\" data-widget_type=\"text-editor.default\">\n\t\t\t\t<div class=\"elementor-widget-container\">\n\t\t\t\t\t\t\t\t\t<p style=\"text-align: center;\"><strong>Au laboratoire<\/strong><\/p><p>On retrouve de plus en plus de personnes, r\u00e9alisant des analyses dans la partie laboratoire, n&rsquo;ayant jamais suivi de formation de chimie sur les risques chimiques, les incompatibilit\u00e9s et les risques de pollution.<\/p>\t\t\t\t\t\t\t\t<\/div>\n\t\t\t\t<\/div>\n\t\t\t\t\t<\/div>\n\t\t<\/div>\n\t\t\t\t\t<\/div>\n\t\t<\/section>\n\t\t\t\t<section class=\"elementor-section elementor-top-section elementor-element elementor-element-621a956 elementor-section-boxed elementor-section-height-default elementor-section-height-default\" data-id=\"621a956\" data-element_type=\"section\" data-e-type=\"section\">\n\t\t\t\t\t\t<div class=\"elementor-container elementor-column-gap-default\">\n\t\t\t\t\t<div class=\"elementor-column elementor-col-100 elementor-top-column elementor-element elementor-element-a4e4278\" data-id=\"a4e4278\" data-element_type=\"column\" data-e-type=\"column\">\n\t\t\t<div class=\"elementor-widget-wrap elementor-element-populated\">\n\t\t\t\t\t\t<div class=\"elementor-element elementor-element-88e65e9 elementor-widget-divider--view-line elementor-widget elementor-widget-divider\" data-id=\"88e65e9\" data-element_type=\"widget\" data-e-type=\"widget\" data-widget_type=\"divider.default\">\n\t\t\t\t<div class=\"elementor-widget-container\">\n\t\t\t\t\t\t\t<div class=\"elementor-divider\">\n\t\t\t<span class=\"elementor-divider-separator\">\n\t\t\t\t\t\t<\/span>\n\t\t<\/div>\n\t\t\t\t\t\t<\/div>\n\t\t\t\t<\/div>\n\t\t\t\t\t<\/div>\n\t\t<\/div>\n\t\t\t\t\t<\/div>\n\t\t<\/section>\n\t\t\t\t<section class=\"elementor-section elementor-top-section elementor-element elementor-element-63dcc09 elementor-section-boxed elementor-section-height-default elementor-section-height-default\" data-id=\"63dcc09\" data-element_type=\"section\" data-e-type=\"section\">\n\t\t\t\t\t\t<div class=\"elementor-container elementor-column-gap-default\">\n\t\t\t\t\t<div class=\"elementor-column elementor-col-33 elementor-top-column elementor-element elementor-element-4b48a62\" data-id=\"4b48a62\" data-element_type=\"column\" data-e-type=\"column\">\n\t\t\t<div class=\"elementor-widget-wrap\">\n\t\t\t\t\t\t\t<\/div>\n\t\t<\/div>\n\t\t\t\t<div class=\"elementor-column elementor-col-33 elementor-top-column elementor-element elementor-element-357f003\" data-id=\"357f003\" data-element_type=\"column\" data-e-type=\"column\">\n\t\t\t<div class=\"elementor-widget-wrap elementor-element-populated\">\n\t\t\t\t\t\t<div class=\"elementor-element elementor-element-6188444 elementor-align-center elementor-widget elementor-widget-button\" data-id=\"6188444\" data-element_type=\"widget\" data-e-type=\"widget\" data-widget_type=\"button.default\">\n\t\t\t\t<div class=\"elementor-widget-container\">\n\t\t\t\t\t\t\t\t\t<div class=\"elementor-button-wrapper\">\n\t\t\t\t\t<a class=\"elementor-button elementor-button-link elementor-size-sm\" href=\"https:\/\/sos-ts.fr\/contact\/\">\n\t\t\t\t\t\t<span class=\"elementor-button-content-wrapper\">\n\t\t\t\t\t\t\t\t\t<span class=\"elementor-button-text\">Contactez-moi<\/span>\n\t\t\t\t\t<\/span>\n\t\t\t\t\t<\/a>\n\t\t\t\t<\/div>\n\t\t\t\t\t\t\t\t<\/div>\n\t\t\t\t<\/div>\n\t\t\t\t\t<\/div>\n\t\t<\/div>\n\t\t\t\t<div class=\"elementor-column elementor-col-33 elementor-top-column elementor-element elementor-element-1deb1cc\" data-id=\"1deb1cc\" data-element_type=\"column\" data-e-type=\"column\">\n\t\t\t<div class=\"elementor-widget-wrap\">\n\t\t\t\t\t\t\t<\/div>\n\t\t<\/div>\n\t\t\t\t\t<\/div>\n\t\t<\/section>\n\t\t\t\t<section class=\"elementor-section elementor-top-section elementor-element elementor-element-125b307 elementor-section-boxed elementor-section-height-default elementor-section-height-default\" data-id=\"125b307\" data-element_type=\"section\" data-e-type=\"section\">\n\t\t\t\t\t\t<div class=\"elementor-container elementor-column-gap-default\">\n\t\t\t\t\t<div class=\"elementor-column elementor-col-100 elementor-top-column elementor-element elementor-element-eac32bc\" data-id=\"eac32bc\" data-element_type=\"column\" data-e-type=\"column\">\n\t\t\t<div class=\"elementor-widget-wrap elementor-element-populated\">\n\t\t\t\t\t\t<div class=\"elementor-element elementor-element-afc6c8a elementor-widget-divider--view-line elementor-widget elementor-widget-divider\" data-id=\"afc6c8a\" data-element_type=\"widget\" data-e-type=\"widget\" data-widget_type=\"divider.default\">\n\t\t\t\t<div class=\"elementor-widget-container\">\n\t\t\t\t\t\t\t<div class=\"elementor-divider\">\n\t\t\t<span class=\"elementor-divider-separator\">\n\t\t\t\t\t\t<\/span>\n\t\t<\/div>\n\t\t\t\t\t\t<\/div>\n\t\t\t\t<\/div>\n\t\t\t\t\t<\/div>\n\t\t<\/div>\n\t\t\t\t\t<\/div>\n\t\t<\/section>\n\t\t\t\t<\/div>\n\t\t","protected":false},"excerpt":{"rendered":"<p>En plus de la formation risques chimiques en traitement de surface, il peut \u00eatre int\u00e9ressant de r\u00e9aliser un audit afin de s&rsquo;assurer que toutes les conditions de s\u00e9curit\u00e9 pour les op\u00e9rateurs, le stockage et l&rsquo;environnement sont bien r\u00e9unies. A l&rsquo;atelier Que ce soit dans l&rsquo;atelier de traitement de surface ou dans celui de d\u00e9toxication des [&hellip;]<\/p>\n","protected":false},"author":1,"featured_media":0,"parent":0,"menu_order":0,"comment_status":"closed","ping_status":"closed","template":"","meta":{"ocean_post_layout":"full-screen","ocean_both_sidebars_style":"","ocean_both_sidebars_content_width":0,"ocean_both_sidebars_sidebars_width":0,"ocean_sidebar":"0","ocean_second_sidebar":"0","ocean_disable_margins":"enable","ocean_add_body_class":"","ocean_shortcode_before_top_bar":"","ocean_shortcode_after_top_bar":"","ocean_shortcode_before_header":"","ocean_shortcode_after_header":"","ocean_has_shortcode":"","ocean_shortcode_after_title":"","ocean_shortcode_before_footer_widgets":"","ocean_shortcode_after_footer_widgets":"","ocean_shortcode_before_footer_bottom":"","ocean_shortcode_after_footer_bottom":"","ocean_display_top_bar":"off","ocean_display_header":"default","ocean_header_style":"","ocean_center_header_left_menu":"0","ocean_custom_header_template":"0","ocean_custom_logo":0,"ocean_custom_retina_logo":0,"ocean_custom_logo_max_width":0,"ocean_custom_logo_tablet_max_width":0,"ocean_custom_logo_mobile_max_width":0,"ocean_custom_logo_max_height":0,"ocean_custom_logo_tablet_max_height":0,"ocean_custom_logo_mobile_max_height":0,"ocean_header_custom_menu":"0","ocean_menu_typo_font_family":"0","ocean_menu_typo_font_subset":"","ocean_menu_typo_font_size":0,"ocean_menu_typo_font_size_tablet":0,"ocean_menu_typo_font_size_mobile":0,"ocean_menu_typo_font_size_unit":"px","ocean_menu_typo_font_weight":"","ocean_menu_typo_font_weight_tablet":"","ocean_menu_typo_font_weight_mobile":"","ocean_menu_typo_transform":"","ocean_menu_typo_transform_tablet":"","ocean_menu_typo_transform_mobile":"","ocean_menu_typo_line_height":0,"ocean_menu_typo_line_height_tablet":0,"ocean_menu_typo_line_height_mobile":0,"ocean_menu_typo_line_height_unit":"","ocean_menu_typo_spacing":0,"ocean_menu_typo_spacing_tablet":0,"ocean_menu_typo_spacing_mobile":0,"ocean_menu_typo_spacing_unit":"","ocean_menu_link_color":"","ocean_menu_link_color_hover":"","ocean_menu_link_color_active":"","ocean_menu_link_background":"","ocean_menu_link_hover_background":"","ocean_menu_link_active_background":"","ocean_menu_social_links_bg":"","ocean_menu_social_hover_links_bg":"","ocean_menu_social_links_color":"","ocean_menu_social_hover_links_color":"","ocean_disable_title":"default","ocean_disable_heading":"default","ocean_post_title":"","ocean_post_subheading":"","ocean_post_title_style":"background-image","ocean_post_title_background_color":"","ocean_post_title_background":83,"ocean_post_title_bg_image_position":"center center","ocean_post_title_bg_image_attachment":"","ocean_post_title_bg_image_repeat":"","ocean_post_title_bg_image_size":"","ocean_post_title_height":0,"ocean_post_title_bg_overlay":0.3,"ocean_post_title_bg_overlay_color":"","ocean_disable_breadcrumbs":"default","ocean_breadcrumbs_color":"","ocean_breadcrumbs_separator_color":"","ocean_breadcrumbs_links_color":"","ocean_breadcrumbs_links_hover_color":"","ocean_display_footer_widgets":"default","ocean_display_footer_bottom":"default","ocean_custom_footer_template":"0","footnotes":""},"class_list":["post-322","page","type-page","status-publish","hentry","entry"],"yoast_head":"<!-- This site is optimized with the Yoast SEO plugin v27.3 - https:\/\/yoast.com\/product\/yoast-seo-wordpress\/ -->\n<title>Hygi\u00e8ne et s\u00e9curit\u00e9 - SOS-TS.fr<\/title>\n<meta name=\"robots\" content=\"index, follow, max-snippet:-1, max-image-preview:large, max-video-preview:-1\" \/>\n<link rel=\"canonical\" href=\"https:\/\/sos-ts.fr\/?page_id=322\" \/>\n<meta property=\"og:locale\" content=\"fr_FR\" \/>\n<meta property=\"og:type\" content=\"article\" \/>\n<meta property=\"og:title\" content=\"Hygi\u00e8ne et s\u00e9curit\u00e9 - SOS-TS.fr\" \/>\n<meta property=\"og:description\" content=\"En plus de la formation risques chimiques en traitement de surface, il peut \u00eatre int\u00e9ressant de r\u00e9aliser un audit afin de s&rsquo;assurer que toutes les conditions de s\u00e9curit\u00e9 pour les op\u00e9rateurs, le stockage et l&rsquo;environnement sont bien r\u00e9unies. A l&rsquo;atelier Que ce soit dans l&rsquo;atelier de traitement de surface ou dans celui de d\u00e9toxication des [&hellip;]\" \/>\n<meta property=\"og:url\" content=\"https:\/\/sos-ts.fr\/?page_id=322\" \/>\n<meta property=\"og:site_name\" content=\"SOS-TS.fr\" \/>\n<meta property=\"article:modified_time\" content=\"2021-05-10T04:50:32+00:00\" \/>\n<meta name=\"twitter:card\" content=\"summary_large_image\" \/>\n<meta name=\"twitter:label1\" content=\"Dur\u00e9e de lecture estim\u00e9e\" \/>\n\t<meta name=\"twitter:data1\" content=\"1 minute\" \/>\n<script type=\"application\/ld+json\" class=\"yoast-schema-graph\">{\"@context\":\"https:\\\/\\\/schema.org\",\"@graph\":[{\"@type\":\"WebPage\",\"@id\":\"https:\\\/\\\/sos-ts.fr\\\/?page_id=322\",\"url\":\"https:\\\/\\\/sos-ts.fr\\\/?page_id=322\",\"name\":\"Hygi\u00e8ne et s\u00e9curit\u00e9 - SOS-TS.fr\",\"isPartOf\":{\"@id\":\"https:\\\/\\\/sos-ts.fr\\\/#website\"},\"datePublished\":\"2021-04-06T15:53:45+00:00\",\"dateModified\":\"2021-05-10T04:50:32+00:00\",\"breadcrumb\":{\"@id\":\"https:\\\/\\\/sos-ts.fr\\\/?page_id=322#breadcrumb\"},\"inLanguage\":\"fr-FR\",\"potentialAction\":[{\"@type\":\"ReadAction\",\"target\":[\"https:\\\/\\\/sos-ts.fr\\\/?page_id=322\"]}]},{\"@type\":\"BreadcrumbList\",\"@id\":\"https:\\\/\\\/sos-ts.fr\\\/?page_id=322#breadcrumb\",\"itemListElement\":[{\"@type\":\"ListItem\",\"position\":1,\"name\":\"Accueil\",\"item\":\"https:\\\/\\\/sos-ts.fr\\\/\"},{\"@type\":\"ListItem\",\"position\":2,\"name\":\"Hygi\u00e8ne et s\u00e9curit\u00e9\"}]},{\"@type\":\"WebSite\",\"@id\":\"https:\\\/\\\/sos-ts.fr\\\/#website\",\"url\":\"https:\\\/\\\/sos-ts.fr\\\/\",\"name\":\"SOS-TS.fr\",\"description\":\"Assistance et conseil en traitement de surface\",\"publisher\":{\"@id\":\"https:\\\/\\\/sos-ts.fr\\\/#organization\"},\"potentialAction\":[{\"@type\":\"SearchAction\",\"target\":{\"@type\":\"EntryPoint\",\"urlTemplate\":\"https:\\\/\\\/sos-ts.fr\\\/?s={search_term_string}\"},\"query-input\":{\"@type\":\"PropertyValueSpecification\",\"valueRequired\":true,\"valueName\":\"search_term_string\"}}],\"inLanguage\":\"fr-FR\"},{\"@type\":\"Organization\",\"@id\":\"https:\\\/\\\/sos-ts.fr\\\/#organization\",\"name\":\"SOS-TS.fr\",\"url\":\"https:\\\/\\\/sos-ts.fr\\\/\",\"logo\":{\"@type\":\"ImageObject\",\"inLanguage\":\"fr-FR\",\"@id\":\"https:\\\/\\\/sos-ts.fr\\\/#\\\/schema\\\/logo\\\/image\\\/\",\"url\":\"https:\\\/\\\/sos-ts.fr\\\/wp-content\\\/uploads\\\/2021\\\/04\\\/LOGO-diamant-2.png\",\"contentUrl\":\"https:\\\/\\\/sos-ts.fr\\\/wp-content\\\/uploads\\\/2021\\\/04\\\/LOGO-diamant-2.png\",\"width\":86,\"height\":67,\"caption\":\"SOS-TS.fr\"},\"image\":{\"@id\":\"https:\\\/\\\/sos-ts.fr\\\/#\\\/schema\\\/logo\\\/image\\\/\"},\"sameAs\":[\"https:\\\/\\\/www.linkedin.com\\\/in\\\/christophe-romain-0042276b\\\/\"]}]}<\/script>\n<!-- \/ Yoast SEO plugin. -->","yoast_head_json":{"title":"Hygi\u00e8ne et s\u00e9curit\u00e9 - SOS-TS.fr","robots":{"index":"index","follow":"follow","max-snippet":"max-snippet:-1","max-image-preview":"max-image-preview:large","max-video-preview":"max-video-preview:-1"},"canonical":"https:\/\/sos-ts.fr\/?page_id=322","og_locale":"fr_FR","og_type":"article","og_title":"Hygi\u00e8ne et s\u00e9curit\u00e9 - SOS-TS.fr","og_description":"En plus de la formation risques chimiques en traitement de surface, il peut \u00eatre int\u00e9ressant de r\u00e9aliser un audit afin de s&rsquo;assurer que toutes les conditions de s\u00e9curit\u00e9 pour les op\u00e9rateurs, le stockage et l&rsquo;environnement sont bien r\u00e9unies. A l&rsquo;atelier Que ce soit dans l&rsquo;atelier de traitement de surface ou dans celui de d\u00e9toxication des [&hellip;]","og_url":"https:\/\/sos-ts.fr\/?page_id=322","og_site_name":"SOS-TS.fr","article_modified_time":"2021-05-10T04:50:32+00:00","twitter_card":"summary_large_image","twitter_misc":{"Dur\u00e9e de lecture estim\u00e9e":"1 minute"},"schema":{"@context":"https:\/\/schema.org","@graph":[{"@type":"WebPage","@id":"https:\/\/sos-ts.fr\/?page_id=322","url":"https:\/\/sos-ts.fr\/?page_id=322","name":"Hygi\u00e8ne et s\u00e9curit\u00e9 - SOS-TS.fr","isPartOf":{"@id":"https:\/\/sos-ts.fr\/#website"},"datePublished":"2021-04-06T15:53:45+00:00","dateModified":"2021-05-10T04:50:32+00:00","breadcrumb":{"@id":"https:\/\/sos-ts.fr\/?page_id=322#breadcrumb"},"inLanguage":"fr-FR","potentialAction":[{"@type":"ReadAction","target":["https:\/\/sos-ts.fr\/?page_id=322"]}]},{"@type":"BreadcrumbList","@id":"https:\/\/sos-ts.fr\/?page_id=322#breadcrumb","itemListElement":[{"@type":"ListItem","position":1,"name":"Accueil","item":"https:\/\/sos-ts.fr\/"},{"@type":"ListItem","position":2,"name":"Hygi\u00e8ne et s\u00e9curit\u00e9"}]},{"@type":"WebSite","@id":"https:\/\/sos-ts.fr\/#website","url":"https:\/\/sos-ts.fr\/","name":"SOS-TS.fr","description":"Assistance et conseil en traitement de surface","publisher":{"@id":"https:\/\/sos-ts.fr\/#organization"},"potentialAction":[{"@type":"SearchAction","target":{"@type":"EntryPoint","urlTemplate":"https:\/\/sos-ts.fr\/?s={search_term_string}"},"query-input":{"@type":"PropertyValueSpecification","valueRequired":true,"valueName":"search_term_string"}}],"inLanguage":"fr-FR"},{"@type":"Organization","@id":"https:\/\/sos-ts.fr\/#organization","name":"SOS-TS.fr","url":"https:\/\/sos-ts.fr\/","logo":{"@type":"ImageObject","inLanguage":"fr-FR","@id":"https:\/\/sos-ts.fr\/#\/schema\/logo\/image\/","url":"https:\/\/sos-ts.fr\/wp-content\/uploads\/2021\/04\/LOGO-diamant-2.png","contentUrl":"https:\/\/sos-ts.fr\/wp-content\/uploads\/2021\/04\/LOGO-diamant-2.png","width":86,"height":67,"caption":"SOS-TS.fr"},"image":{"@id":"https:\/\/sos-ts.fr\/#\/schema\/logo\/image\/"},"sameAs":["https:\/\/www.linkedin.com\/in\/christophe-romain-0042276b\/"]}]}},"_links":{"self":[{"href":"https:\/\/sos-ts.fr\/index.php?rest_route=\/wp\/v2\/pages\/322","targetHints":{"allow":["GET"]}}],"collection":[{"href":"https:\/\/sos-ts.fr\/index.php?rest_route=\/wp\/v2\/pages"}],"about":[{"href":"https:\/\/sos-ts.fr\/index.php?rest_route=\/wp\/v2\/types\/page"}],"author":[{"embeddable":true,"href":"https:\/\/sos-ts.fr\/index.php?rest_route=\/wp\/v2\/users\/1"}],"replies":[{"embeddable":true,"href":"https:\/\/sos-ts.fr\/index.php?rest_route=%2Fwp%2Fv2%2Fcomments&post=322"}],"version-history":[{"count":62,"href":"https:\/\/sos-ts.fr\/index.php?rest_route=\/wp\/v2\/pages\/322\/revisions"}],"predecessor-version":[{"id":1427,"href":"https:\/\/sos-ts.fr\/index.php?rest_route=\/wp\/v2\/pages\/322\/revisions\/1427"}],"wp:attachment":[{"href":"https:\/\/sos-ts.fr\/index.php?rest_route=%2Fwp%2Fv2%2Fmedia&parent=322"}],"curies":[{"name":"wp","href":"https:\/\/api.w.org\/{rel}","templated":true}]}}