{"id":96,"date":"2021-04-05T14:43:07","date_gmt":"2021-04-05T12:43:07","guid":{"rendered":"http:\/\/127.0.0.1\/wordpress\/?page_id=96"},"modified":"2021-05-10T06:46:30","modified_gmt":"2021-05-10T04:46:30","slug":"analyses-bains","status":"publish","type":"page","link":"https:\/\/sos-ts.fr\/?page_id=96","title":{"rendered":"Analyses de  bain"},"content":{"rendered":"\t\t<div data-elementor-type=\"wp-page\" data-elementor-id=\"96\" class=\"elementor elementor-96\">\n\t\t\t\t\t\t<section class=\"elementor-section elementor-top-section elementor-element elementor-element-cb578af elementor-section-boxed elementor-section-height-default elementor-section-height-default\" data-id=\"cb578af\" data-element_type=\"section\" data-e-type=\"section\">\n\t\t\t\t\t\t<div class=\"elementor-container elementor-column-gap-default\">\n\t\t\t\t\t<div class=\"elementor-column elementor-col-100 elementor-top-column elementor-element elementor-element-5410630\" data-id=\"5410630\" data-element_type=\"column\" data-e-type=\"column\">\n\t\t\t<div class=\"elementor-widget-wrap elementor-element-populated\">\n\t\t\t\t\t\t<div class=\"elementor-element elementor-element-e98812e elementor-widget-divider--view-line elementor-widget elementor-widget-divider\" data-id=\"e98812e\" data-element_type=\"widget\" data-e-type=\"widget\" data-widget_type=\"divider.default\">\n\t\t\t\t<div class=\"elementor-widget-container\">\n\t\t\t\t\t\t\t<div class=\"elementor-divider\">\n\t\t\t<span class=\"elementor-divider-separator\">\n\t\t\t\t\t\t<\/span>\n\t\t<\/div>\n\t\t\t\t\t\t<\/div>\n\t\t\t\t<\/div>\n\t\t\t\t\t<\/div>\n\t\t<\/div>\n\t\t\t\t\t<\/div>\n\t\t<\/section>\n\t\t\t\t<section class=\"elementor-section elementor-top-section elementor-element elementor-element-4f1b3d5 elementor-section-boxed elementor-section-height-default elementor-section-height-default\" data-id=\"4f1b3d5\" data-element_type=\"section\" data-e-type=\"section\">\n\t\t\t\t\t\t<div class=\"elementor-container elementor-column-gap-default\">\n\t\t\t\t\t<div class=\"elementor-column elementor-col-100 elementor-top-column elementor-element elementor-element-4301d88\" data-id=\"4301d88\" data-element_type=\"column\" data-e-type=\"column\">\n\t\t\t<div class=\"elementor-widget-wrap elementor-element-populated\">\n\t\t\t\t\t\t<section class=\"elementor-section elementor-inner-section elementor-element elementor-element-95ee9b3 elementor-section-boxed elementor-section-height-default elementor-section-height-default\" data-id=\"95ee9b3\" data-element_type=\"section\" data-e-type=\"section\">\n\t\t\t\t\t\t<div class=\"elementor-container elementor-column-gap-default\">\n\t\t\t\t\t<div class=\"elementor-column elementor-col-33 elementor-inner-column elementor-element elementor-element-01d68ba\" data-id=\"01d68ba\" data-element_type=\"column\" data-e-type=\"column\">\n\t\t\t<div class=\"elementor-widget-wrap elementor-element-populated\">\n\t\t\t\t\t\t<div class=\"elementor-element elementor-element-051c423 elementor-widget elementor-widget-text-editor\" data-id=\"051c423\" data-element_type=\"widget\" data-e-type=\"widget\" data-widget_type=\"text-editor.default\">\n\t\t\t\t<div class=\"elementor-widget-container\">\n\t\t\t\t\t\t\t\t\t<p style=\"text-align: center;\"><strong>Fournisseur de produits<\/strong><\/p><p>Vous souhaitez externaliser l&rsquo;analyse des bains de vos clients par un professionnel afin de garantir un suivi efficace et conserver la pleine satisfaction de vos clients.<\/p>\t\t\t\t\t\t\t\t<\/div>\n\t\t\t\t<\/div>\n\t\t\t\t\t<\/div>\n\t\t<\/div>\n\t\t\t\t<div class=\"elementor-column elementor-col-33 elementor-inner-column elementor-element elementor-element-91f9923\" data-id=\"91f9923\" data-element_type=\"column\" data-e-type=\"column\">\n\t\t\t<div class=\"elementor-widget-wrap\">\n\t\t\t\t\t\t\t<\/div>\n\t\t<\/div>\n\t\t\t\t<div class=\"elementor-column elementor-col-33 elementor-inner-column elementor-element elementor-element-896af03\" data-id=\"896af03\" data-element_type=\"column\" data-e-type=\"column\">\n\t\t\t<div class=\"elementor-widget-wrap elementor-element-populated\">\n\t\t\t\t\t\t<div class=\"elementor-element elementor-element-3f289c6 elementor-widget elementor-widget-text-editor\" data-id=\"3f289c6\" data-element_type=\"widget\" data-e-type=\"widget\" data-widget_type=\"text-editor.default\">\n\t\t\t\t<div class=\"elementor-widget-container\">\n\t\t\t\t\t\t\t\t\t<p style=\"text-align: center;\"><strong>Industriel<\/strong><\/p><p>Vous souhaitez faire r\u00e9aliser les analyses de vos bains par un professionnel afin de garantir une efficacit\u00e9 maximale et vous assurer du bon \u00e9tat de fonctionnement de vos bains.<\/p><p>En effet, souvent les analyses r\u00e9alis\u00e9es par les industriels donnent des informations sur les concentrations de divers \u00e9l\u00e9ments mais pas sur l&rsquo;\u00e9tat de vieillissement et d&rsquo;activit\u00e9 du bain. Seul un formulateur sait d\u00e9terminer si le bain est r\u00e9ellement toujours actif \u00e0 100%.<\/p><p>Il peut \u00e9galement s&rsquo;agir des analyses du <a href=\"https:\/\/sos-ts.fr\/?page_id=94\">traitement des eaux<\/a>.<\/p>\t\t\t\t\t\t\t\t<\/div>\n\t\t\t\t<\/div>\n\t\t\t\t\t<\/div>\n\t\t<\/div>\n\t\t\t\t\t<\/div>\n\t\t<\/section>\n\t\t\t\t\t<\/div>\n\t\t<\/div>\n\t\t\t\t\t<\/div>\n\t\t<\/section>\n\t\t\t\t<section class=\"elementor-section elementor-top-section elementor-element elementor-element-567130a elementor-section-boxed elementor-section-height-default elementor-section-height-default\" data-id=\"567130a\" data-element_type=\"section\" data-e-type=\"section\">\n\t\t\t\t\t\t<div class=\"elementor-container elementor-column-gap-default\">\n\t\t\t\t\t<div class=\"elementor-column elementor-col-100 elementor-top-column elementor-element elementor-element-a2f949f\" data-id=\"a2f949f\" data-element_type=\"column\" data-e-type=\"column\">\n\t\t\t<div class=\"elementor-widget-wrap elementor-element-populated\">\n\t\t\t\t\t\t<div class=\"elementor-element elementor-element-9b2062d elementor-widget-divider--view-line elementor-widget elementor-widget-divider\" data-id=\"9b2062d\" data-element_type=\"widget\" data-e-type=\"widget\" data-widget_type=\"divider.default\">\n\t\t\t\t<div class=\"elementor-widget-container\">\n\t\t\t\t\t\t\t<div class=\"elementor-divider\">\n\t\t\t<span class=\"elementor-divider-separator\">\n\t\t\t\t\t\t<\/span>\n\t\t<\/div>\n\t\t\t\t\t\t<\/div>\n\t\t\t\t<\/div>\n\t\t\t\t\t<\/div>\n\t\t<\/div>\n\t\t\t\t\t<\/div>\n\t\t<\/section>\n\t\t\t\t<section class=\"elementor-section elementor-top-section elementor-element elementor-element-6ded4bc elementor-section-boxed elementor-section-height-default elementor-section-height-default\" data-id=\"6ded4bc\" data-element_type=\"section\" data-e-type=\"section\">\n\t\t\t\t\t\t<div class=\"elementor-container elementor-column-gap-default\">\n\t\t\t\t\t<div class=\"elementor-column elementor-col-33 elementor-top-column elementor-element elementor-element-f1416ca\" data-id=\"f1416ca\" data-element_type=\"column\" data-e-type=\"column\">\n\t\t\t<div class=\"elementor-widget-wrap\">\n\t\t\t\t\t\t\t<\/div>\n\t\t<\/div>\n\t\t\t\t<div class=\"elementor-column elementor-col-33 elementor-top-column elementor-element elementor-element-d81eec8\" data-id=\"d81eec8\" data-element_type=\"column\" data-e-type=\"column\">\n\t\t\t<div class=\"elementor-widget-wrap elementor-element-populated\">\n\t\t\t\t\t\t<div class=\"elementor-element elementor-element-d7e3498 elementor-align-center elementor-widget elementor-widget-button\" data-id=\"d7e3498\" data-element_type=\"widget\" data-e-type=\"widget\" data-widget_type=\"button.default\">\n\t\t\t\t<div class=\"elementor-widget-container\">\n\t\t\t\t\t\t\t\t\t<div class=\"elementor-button-wrapper\">\n\t\t\t\t\t<a class=\"elementor-button elementor-button-link elementor-size-sm\" href=\"https:\/\/sos-ts.fr\/contact\/\">\n\t\t\t\t\t\t<span class=\"elementor-button-content-wrapper\">\n\t\t\t\t\t\t\t\t\t<span class=\"elementor-button-text\">Contactez-moi<\/span>\n\t\t\t\t\t<\/span>\n\t\t\t\t\t<\/a>\n\t\t\t\t<\/div>\n\t\t\t\t\t\t\t\t<\/div>\n\t\t\t\t<\/div>\n\t\t\t\t\t<\/div>\n\t\t<\/div>\n\t\t\t\t<div class=\"elementor-column elementor-col-33 elementor-top-column elementor-element elementor-element-d2bc35f\" data-id=\"d2bc35f\" data-element_type=\"column\" data-e-type=\"column\">\n\t\t\t<div class=\"elementor-widget-wrap\">\n\t\t\t\t\t\t\t<\/div>\n\t\t<\/div>\n\t\t\t\t\t<\/div>\n\t\t<\/section>\n\t\t\t\t<section class=\"elementor-section elementor-top-section elementor-element elementor-element-5764b8b elementor-section-boxed elementor-section-height-default elementor-section-height-default\" data-id=\"5764b8b\" data-element_type=\"section\" data-e-type=\"section\">\n\t\t\t\t\t\t<div class=\"elementor-container elementor-column-gap-default\">\n\t\t\t\t\t<div class=\"elementor-column elementor-col-100 elementor-top-column elementor-element elementor-element-9b95303\" data-id=\"9b95303\" data-element_type=\"column\" data-e-type=\"column\">\n\t\t\t<div class=\"elementor-widget-wrap elementor-element-populated\">\n\t\t\t\t\t\t<div class=\"elementor-element elementor-element-5a71500 elementor-widget-divider--view-line elementor-widget elementor-widget-divider\" data-id=\"5a71500\" data-element_type=\"widget\" data-e-type=\"widget\" data-widget_type=\"divider.default\">\n\t\t\t\t<div class=\"elementor-widget-container\">\n\t\t\t\t\t\t\t<div class=\"elementor-divider\">\n\t\t\t<span class=\"elementor-divider-separator\">\n\t\t\t\t\t\t<\/span>\n\t\t<\/div>\n\t\t\t\t\t\t<\/div>\n\t\t\t\t<\/div>\n\t\t\t\t\t<\/div>\n\t\t<\/div>\n\t\t\t\t\t<\/div>\n\t\t<\/section>\n\t\t\t\t<\/div>\n\t\t","protected":false},"excerpt":{"rendered":"<p>Fournisseur de produits Vous souhaitez externaliser l&rsquo;analyse des bains de vos clients par un professionnel afin de garantir un suivi efficace et conserver la pleine satisfaction de vos clients. Industriel Vous souhaitez faire r\u00e9aliser les analyses de vos bains par un professionnel afin de garantir une efficacit\u00e9 maximale et vous assurer du bon \u00e9tat de [&hellip;]<\/p>\n","protected":false},"author":1,"featured_media":0,"parent":0,"menu_order":0,"comment_status":"closed","ping_status":"closed","template":"","meta":{"ocean_post_layout":"full-screen","ocean_both_sidebars_style":"","ocean_both_sidebars_content_width":0,"ocean_both_sidebars_sidebars_width":0,"ocean_sidebar":"0","ocean_second_sidebar":"0","ocean_disable_margins":"enable","ocean_add_body_class":"","ocean_shortcode_before_top_bar":"","ocean_shortcode_after_top_bar":"","ocean_shortcode_before_header":"","ocean_shortcode_after_header":"","ocean_has_shortcode":"","ocean_shortcode_after_title":"","ocean_shortcode_before_footer_widgets":"","ocean_shortcode_after_footer_widgets":"","ocean_shortcode_before_footer_bottom":"","ocean_shortcode_after_footer_bottom":"","ocean_display_top_bar":"off","ocean_display_header":"default","ocean_header_style":"","ocean_center_header_left_menu":"0","ocean_custom_header_template":"0","ocean_custom_logo":0,"ocean_custom_retina_logo":0,"ocean_custom_logo_max_width":0,"ocean_custom_logo_tablet_max_width":0,"ocean_custom_logo_mobile_max_width":0,"ocean_custom_logo_max_height":0,"ocean_custom_logo_tablet_max_height":0,"ocean_custom_logo_mobile_max_height":0,"ocean_header_custom_menu":"0","ocean_menu_typo_font_family":"0","ocean_menu_typo_font_subset":"","ocean_menu_typo_font_size":0,"ocean_menu_typo_font_size_tablet":0,"ocean_menu_typo_font_size_mobile":0,"ocean_menu_typo_font_size_unit":"px","ocean_menu_typo_font_weight":"","ocean_menu_typo_font_weight_tablet":"","ocean_menu_typo_font_weight_mobile":"","ocean_menu_typo_transform":"","ocean_menu_typo_transform_tablet":"","ocean_menu_typo_transform_mobile":"","ocean_menu_typo_line_height":0,"ocean_menu_typo_line_height_tablet":0,"ocean_menu_typo_line_height_mobile":0,"ocean_menu_typo_line_height_unit":"","ocean_menu_typo_spacing":0,"ocean_menu_typo_spacing_tablet":0,"ocean_menu_typo_spacing_mobile":0,"ocean_menu_typo_spacing_unit":"","ocean_menu_link_color":"","ocean_menu_link_color_hover":"","ocean_menu_link_color_active":"","ocean_menu_link_background":"","ocean_menu_link_hover_background":"","ocean_menu_link_active_background":"","ocean_menu_social_links_bg":"","ocean_menu_social_hover_links_bg":"","ocean_menu_social_links_color":"","ocean_menu_social_hover_links_color":"","ocean_disable_title":"default","ocean_disable_heading":"default","ocean_post_title":"","ocean_post_subheading":"","ocean_post_title_style":"background-image","ocean_post_title_background_color":"","ocean_post_title_background":85,"ocean_post_title_bg_image_position":"center center","ocean_post_title_bg_image_attachment":"","ocean_post_title_bg_image_repeat":"","ocean_post_title_bg_image_size":"","ocean_post_title_height":0,"ocean_post_title_bg_overlay":0.3,"ocean_post_title_bg_overlay_color":"","ocean_disable_breadcrumbs":"default","ocean_breadcrumbs_color":"","ocean_breadcrumbs_separator_color":"","ocean_breadcrumbs_links_color":"","ocean_breadcrumbs_links_hover_color":"","ocean_display_footer_widgets":"off","ocean_display_footer_bottom":"default","ocean_custom_footer_template":"0","footnotes":""},"class_list":["post-96","page","type-page","status-publish","hentry","entry"],"yoast_head":"<!-- This site is optimized with the Yoast SEO plugin v27.3 - https:\/\/yoast.com\/product\/yoast-seo-wordpress\/ -->\n<title>Analyses de bain - SOS-TS.fr<\/title>\n<meta name=\"robots\" content=\"index, follow, max-snippet:-1, max-image-preview:large, max-video-preview:-1\" \/>\n<link rel=\"canonical\" href=\"https:\/\/sos-ts.fr\/?page_id=96\" \/>\n<meta property=\"og:locale\" content=\"fr_FR\" \/>\n<meta property=\"og:type\" content=\"article\" \/>\n<meta property=\"og:title\" content=\"Analyses de bain - SOS-TS.fr\" \/>\n<meta property=\"og:description\" content=\"Fournisseur de produits Vous souhaitez externaliser l&rsquo;analyse des bains de vos clients par un professionnel afin de garantir un suivi efficace et conserver la pleine satisfaction de vos clients. Industriel Vous souhaitez faire r\u00e9aliser les analyses de vos bains par un professionnel afin de garantir une efficacit\u00e9 maximale et vous assurer du bon \u00e9tat de [&hellip;]\" \/>\n<meta property=\"og:url\" content=\"https:\/\/sos-ts.fr\/?page_id=96\" \/>\n<meta property=\"og:site_name\" content=\"SOS-TS.fr\" \/>\n<meta property=\"article:modified_time\" content=\"2021-05-10T04:46:30+00:00\" \/>\n<meta name=\"twitter:card\" content=\"summary_large_image\" \/>\n<meta name=\"twitter:label1\" content=\"Dur\u00e9e de lecture estim\u00e9e\" \/>\n\t<meta name=\"twitter:data1\" content=\"1 minute\" \/>\n<script type=\"application\/ld+json\" class=\"yoast-schema-graph\">{\"@context\":\"https:\\\/\\\/schema.org\",\"@graph\":[{\"@type\":\"WebPage\",\"@id\":\"https:\\\/\\\/sos-ts.fr\\\/?page_id=96\",\"url\":\"https:\\\/\\\/sos-ts.fr\\\/?page_id=96\",\"name\":\"Analyses de bain - SOS-TS.fr\",\"isPartOf\":{\"@id\":\"https:\\\/\\\/sos-ts.fr\\\/#website\"},\"datePublished\":\"2021-04-05T12:43:07+00:00\",\"dateModified\":\"2021-05-10T04:46:30+00:00\",\"breadcrumb\":{\"@id\":\"https:\\\/\\\/sos-ts.fr\\\/?page_id=96#breadcrumb\"},\"inLanguage\":\"fr-FR\",\"potentialAction\":[{\"@type\":\"ReadAction\",\"target\":[\"https:\\\/\\\/sos-ts.fr\\\/?page_id=96\"]}]},{\"@type\":\"BreadcrumbList\",\"@id\":\"https:\\\/\\\/sos-ts.fr\\\/?page_id=96#breadcrumb\",\"itemListElement\":[{\"@type\":\"ListItem\",\"position\":1,\"name\":\"Accueil\",\"item\":\"https:\\\/\\\/sos-ts.fr\\\/\"},{\"@type\":\"ListItem\",\"position\":2,\"name\":\"Analyses de bain\"}]},{\"@type\":\"WebSite\",\"@id\":\"https:\\\/\\\/sos-ts.fr\\\/#website\",\"url\":\"https:\\\/\\\/sos-ts.fr\\\/\",\"name\":\"SOS-TS.fr\",\"description\":\"Assistance et conseil en traitement de surface\",\"publisher\":{\"@id\":\"https:\\\/\\\/sos-ts.fr\\\/#organization\"},\"potentialAction\":[{\"@type\":\"SearchAction\",\"target\":{\"@type\":\"EntryPoint\",\"urlTemplate\":\"https:\\\/\\\/sos-ts.fr\\\/?s={search_term_string}\"},\"query-input\":{\"@type\":\"PropertyValueSpecification\",\"valueRequired\":true,\"valueName\":\"search_term_string\"}}],\"inLanguage\":\"fr-FR\"},{\"@type\":\"Organization\",\"@id\":\"https:\\\/\\\/sos-ts.fr\\\/#organization\",\"name\":\"SOS-TS.fr\",\"url\":\"https:\\\/\\\/sos-ts.fr\\\/\",\"logo\":{\"@type\":\"ImageObject\",\"inLanguage\":\"fr-FR\",\"@id\":\"https:\\\/\\\/sos-ts.fr\\\/#\\\/schema\\\/logo\\\/image\\\/\",\"url\":\"https:\\\/\\\/sos-ts.fr\\\/wp-content\\\/uploads\\\/2021\\\/04\\\/LOGO-diamant-2.png\",\"contentUrl\":\"https:\\\/\\\/sos-ts.fr\\\/wp-content\\\/uploads\\\/2021\\\/04\\\/LOGO-diamant-2.png\",\"width\":86,\"height\":67,\"caption\":\"SOS-TS.fr\"},\"image\":{\"@id\":\"https:\\\/\\\/sos-ts.fr\\\/#\\\/schema\\\/logo\\\/image\\\/\"},\"sameAs\":[\"https:\\\/\\\/www.linkedin.com\\\/in\\\/christophe-romain-0042276b\\\/\"]}]}<\/script>\n<!-- \/ Yoast SEO plugin. -->","yoast_head_json":{"title":"Analyses de bain - SOS-TS.fr","robots":{"index":"index","follow":"follow","max-snippet":"max-snippet:-1","max-image-preview":"max-image-preview:large","max-video-preview":"max-video-preview:-1"},"canonical":"https:\/\/sos-ts.fr\/?page_id=96","og_locale":"fr_FR","og_type":"article","og_title":"Analyses de bain - SOS-TS.fr","og_description":"Fournisseur de produits Vous souhaitez externaliser l&rsquo;analyse des bains de vos clients par un professionnel afin de garantir un suivi efficace et conserver la pleine satisfaction de vos clients. Industriel Vous souhaitez faire r\u00e9aliser les analyses de vos bains par un professionnel afin de garantir une efficacit\u00e9 maximale et vous assurer du bon \u00e9tat de [&hellip;]","og_url":"https:\/\/sos-ts.fr\/?page_id=96","og_site_name":"SOS-TS.fr","article_modified_time":"2021-05-10T04:46:30+00:00","twitter_card":"summary_large_image","twitter_misc":{"Dur\u00e9e de lecture estim\u00e9e":"1 minute"},"schema":{"@context":"https:\/\/schema.org","@graph":[{"@type":"WebPage","@id":"https:\/\/sos-ts.fr\/?page_id=96","url":"https:\/\/sos-ts.fr\/?page_id=96","name":"Analyses de bain - SOS-TS.fr","isPartOf":{"@id":"https:\/\/sos-ts.fr\/#website"},"datePublished":"2021-04-05T12:43:07+00:00","dateModified":"2021-05-10T04:46:30+00:00","breadcrumb":{"@id":"https:\/\/sos-ts.fr\/?page_id=96#breadcrumb"},"inLanguage":"fr-FR","potentialAction":[{"@type":"ReadAction","target":["https:\/\/sos-ts.fr\/?page_id=96"]}]},{"@type":"BreadcrumbList","@id":"https:\/\/sos-ts.fr\/?page_id=96#breadcrumb","itemListElement":[{"@type":"ListItem","position":1,"name":"Accueil","item":"https:\/\/sos-ts.fr\/"},{"@type":"ListItem","position":2,"name":"Analyses de bain"}]},{"@type":"WebSite","@id":"https:\/\/sos-ts.fr\/#website","url":"https:\/\/sos-ts.fr\/","name":"SOS-TS.fr","description":"Assistance et conseil en traitement de surface","publisher":{"@id":"https:\/\/sos-ts.fr\/#organization"},"potentialAction":[{"@type":"SearchAction","target":{"@type":"EntryPoint","urlTemplate":"https:\/\/sos-ts.fr\/?s={search_term_string}"},"query-input":{"@type":"PropertyValueSpecification","valueRequired":true,"valueName":"search_term_string"}}],"inLanguage":"fr-FR"},{"@type":"Organization","@id":"https:\/\/sos-ts.fr\/#organization","name":"SOS-TS.fr","url":"https:\/\/sos-ts.fr\/","logo":{"@type":"ImageObject","inLanguage":"fr-FR","@id":"https:\/\/sos-ts.fr\/#\/schema\/logo\/image\/","url":"https:\/\/sos-ts.fr\/wp-content\/uploads\/2021\/04\/LOGO-diamant-2.png","contentUrl":"https:\/\/sos-ts.fr\/wp-content\/uploads\/2021\/04\/LOGO-diamant-2.png","width":86,"height":67,"caption":"SOS-TS.fr"},"image":{"@id":"https:\/\/sos-ts.fr\/#\/schema\/logo\/image\/"},"sameAs":["https:\/\/www.linkedin.com\/in\/christophe-romain-0042276b\/"]}]}},"_links":{"self":[{"href":"https:\/\/sos-ts.fr\/index.php?rest_route=\/wp\/v2\/pages\/96","targetHints":{"allow":["GET"]}}],"collection":[{"href":"https:\/\/sos-ts.fr\/index.php?rest_route=\/wp\/v2\/pages"}],"about":[{"href":"https:\/\/sos-ts.fr\/index.php?rest_route=\/wp\/v2\/types\/page"}],"author":[{"embeddable":true,"href":"https:\/\/sos-ts.fr\/index.php?rest_route=\/wp\/v2\/users\/1"}],"replies":[{"embeddable":true,"href":"https:\/\/sos-ts.fr\/index.php?rest_route=%2Fwp%2Fv2%2Fcomments&post=96"}],"version-history":[{"count":71,"href":"https:\/\/sos-ts.fr\/index.php?rest_route=\/wp\/v2\/pages\/96\/revisions"}],"predecessor-version":[{"id":1419,"href":"https:\/\/sos-ts.fr\/index.php?rest_route=\/wp\/v2\/pages\/96\/revisions\/1419"}],"wp:attachment":[{"href":"https:\/\/sos-ts.fr\/index.php?rest_route=%2Fwp%2Fv2%2Fmedia&parent=96"}],"curies":[{"name":"wp","href":"https:\/\/api.w.org\/{rel}","templated":true}]}}